{"id":898,"date":"2024-08-18T18:13:58","date_gmt":"2024-08-18T16:13:58","guid":{"rendered":"https:\/\/www.egypte-voyageoriginal.com\/?page_id=898"},"modified":"2024-08-18T18:37:45","modified_gmt":"2024-08-18T16:37:45","slug":"cv-guide-nagla","status":"publish","type":"page","link":"https:\/\/www.egypte-voyageoriginal.com\/index.php\/cv-guide-nagla\/","title":{"rendered":"CV Guide Nagla"},"content":{"rendered":"\n<figure class=\"wp-block-image size-large\"><img loading=\"lazy\" decoding=\"async\" width=\"768\" height=\"1024\" src=\"https:\/\/www.egypte-voyageoriginal.com\/wp-content\/uploads\/2024\/03\/Naglaa-Sphinx-Gizeh-768x1024.png\" alt=\"\" class=\"wp-image-495\" srcset=\"https:\/\/www.egypte-voyageoriginal.com\/wp-content\/uploads\/2024\/03\/Naglaa-Sphinx-Gizeh-768x1024.png 768w, https:\/\/www.egypte-voyageoriginal.com\/wp-content\/uploads\/2024\/03\/Naglaa-Sphinx-Gizeh-225x300.png 225w, https:\/\/www.egypte-voyageoriginal.com\/wp-content\/uploads\/2024\/03\/Naglaa-Sphinx-Gizeh.png 886w\" sizes=\"(max-width: 768px) 100vw, 768px\" \/><\/figure>\n\n\n\n<p>La profession de guide touristique se compose de deux cat\u00e9gories : le guide de site et le guide d\u2019itin\u00e9raire.C\u2019est un m\u00e9tier de relation humaine de qualit\u00e9. Le guide touristique veille aussi au respect du contrat de voyage pour le touriste &nbsp;; ce qui exige de lui une haute technicit\u00e9 et une polyvalence \u00e0 toute \u00e9preuve ! Il doit veiller au confort et \u00e0 la s\u00e9curit\u00e9 des personnes qu\u2019il accompagne.Le guide touristique, de par sa personnalit\u00e9 et son travail, peut contribuer \u00e0 donner une image des plus authentiques dans la r\u00e9alisation d\u2019un voyage\/s\u00e9jour \u00e0 travers un territoire ou un pays. Il est l\u2019ambassadeur par excellence du patrimoine culturel et naturel de son pays. Il est aussi appel\u00e9 \u00ab Le petit fut\u00e9 \u00bb.C\u2019est un m\u00e9tier noble, car il accompagne des personnes vers la d\u00e9couverte en les incitant au r\u00eave \u2026Incluant les loisirs et les divertissements que chacun aura \u00e0 vivre pendant toute la dur\u00e9e du voyage ; le touriste rentrera chez lui en se rem\u00e9morant mille fois avec bonheur, ce que le guide lui aura pr\u00e9sent\u00e9 de mieux, concernant l\u2019itin\u00e9raire propos\u00e9 et les sites visit\u00e9s.Je m\u2019appelle Naglaa je suis guide touristique depuis 30 ans, apr\u00e8s des \u00e9tudes \u00e0 la facult\u00e9 de tourisme, ce qui m\u2019a permis d\u2019obtenir mon autorisation de travailler en tant que guide touristique. , j\u2019ai peaufin\u00e9 mon exp\u00e9rience avec la facult\u00e9 d\u2019 histoire pour conclure avec un master et doctorat en histoire moderne . J\u2019ai d\u2019ailleurs publi\u00e9 un livre ( Le Caire au 17e si\u00e8cle ) d\u2019apr\u00e8s &nbsp;les \u00e9critures des voyageurs fran\u00e7ais. Pendant plusieurs ann\u00e9es, j\u2019ai travaill\u00e9 pour plusieurs compagnie ( Fram , travel &nbsp;\u00e9vasion , Neckerman ..)J\u2019ai d\u00e9cid\u00e9 de franchir le pas et de cr\u00e9er mon site de voyages \u00c9gypte voyage original , afin de vous faire profiter de toutes mes exp\u00e9riences depuis toutes ces ann\u00e9es.C\u2019est avec un grand plaisir que je vous proposerai un s\u00e9jour inoubliable\u2026N\u2019h\u00e9sitez pas \u00e0 me contacter pour plus d\u2019informations sur les tarifs des circuits et plusieurs prestations&nbsp;que&nbsp;je&nbsp;propose.<\/p>\n","protected":false},"excerpt":{"rendered":"<p>La profession de guide touristique se compose de deux cat\u00e9gories : le guide de site et le guide d\u2019itin\u00e9raire.C\u2019est un m\u00e9tier de relation humaine de qualit\u00e9. Le guide touristique veille aussi au respect du contrat de voyage pour le touriste &nbsp;; ce qui exige de lui une haute technicit\u00e9 et une polyvalence \u00e0 toute \u00e9preuve [&hellip;]<\/p>\n","protected":false},"author":2,"featured_media":0,"parent":0,"menu_order":0,"comment_status":"closed","ping_status":"closed","template":"","meta":{"_sitemap_exclude":false,"_sitemap_priority":"","_sitemap_frequency":"","_joinchat":[],"footnotes":""},"class_list":["post-898","page","type-page","status-publish","hentry"],"aioseo_notices":[],"_links":{"self":[{"href":"https:\/\/www.egypte-voyageoriginal.com\/index.php\/wp-json\/wp\/v2\/pages\/898"}],"collection":[{"href":"https:\/\/www.egypte-voyageoriginal.com\/index.php\/wp-json\/wp\/v2\/pages"}],"about":[{"href":"https:\/\/www.egypte-voyageoriginal.com\/index.php\/wp-json\/wp\/v2\/types\/page"}],"author":[{"embeddable":true,"href":"https:\/\/www.egypte-voyageoriginal.com\/index.php\/wp-json\/wp\/v2\/users\/2"}],"replies":[{"embeddable":true,"href":"https:\/\/www.egypte-voyageoriginal.com\/index.php\/wp-json\/wp\/v2\/comments?post=898"}],"version-history":[{"count":3,"href":"https:\/\/www.egypte-voyageoriginal.com\/index.php\/wp-json\/wp\/v2\/pages\/898\/revisions"}],"predecessor-version":[{"id":902,"href":"https:\/\/www.egypte-voyageoriginal.com\/index.php\/wp-json\/wp\/v2\/pages\/898\/revisions\/902"}],"wp:attachment":[{"href":"https:\/\/www.egypte-voyageoriginal.com\/index.php\/wp-json\/wp\/v2\/media?parent=898"}],"curies":[{"name":"wp","href":"https:\/\/api.w.org\/{rel}","templated":true}]}}