{"id":745,"date":"2024-04-20T00:36:50","date_gmt":"2024-04-19T22:36:50","guid":{"rendered":"https:\/\/www.egypte-voyageoriginal.com\/?page_id=745"},"modified":"2024-08-15T15:55:04","modified_gmt":"2024-08-15T13:55:04","slug":"sejours-sejours-au-caire-4-nuits-de-croisiere-dans-9-jours","status":"publish","type":"page","link":"https:\/\/www.egypte-voyageoriginal.com\/index.php\/sejours-sejours-au-caire-4-nuits-de-croisiere-dans-9-jours\/","title":{"rendered":"S\u00e9jours : s\u00e9jours au Caire + 4 nuits de croisi\u00e8re dans 9 jours ."},"content":{"rendered":"\n<h2 class=\"wp-block-heading\"><mark style=\"background-color:rgba(0, 0, 0, 0)\" class=\"has-inline-color has-accent-color\">Programme : classique<\/mark><\/h2>\n\n\n\n<figure class=\"wp-block-image size-full\"><img loading=\"lazy\" decoding=\"async\" width=\"640\" height=\"480\" src=\"https:\/\/www.egypte-voyageoriginal.com\/wp-content\/uploads\/2024\/05\/nile2.jpg\" alt=\"\" class=\"wp-image-873\" srcset=\"https:\/\/www.egypte-voyageoriginal.com\/wp-content\/uploads\/2024\/05\/nile2.jpg 640w, https:\/\/www.egypte-voyageoriginal.com\/wp-content\/uploads\/2024\/05\/nile2-300x225.jpg 300w\" sizes=\"(max-width: 640px) 100vw, 640px\" \/><\/figure>\n\n\n\n<h4 class=\"wp-block-heading has-accent-color has-text-color has-link-color wp-elements-3159320dcc7631836a265bcfc2068319\"><strong><a href=\"https:\/\/www.egypte-voyageoriginal.com\/wp-admin\/post.php?post=745&amp;action=edit\" title=\"\">Le Caire + 4 nuits de croisi\u00e8re dans 9 jours<\/a><\/strong><\/h4>\n\n\n\n<h4 class=\"wp-block-heading\">Jour 1:<\/h4>\n\n\n\n<p style=\"font-size:24px\">Accueil \u00e0 l\u2019a\u00e9roport et transfert \u00e0 l\u2019h\u00f4tel<\/p>\n\n\n\n<h4 class=\"wp-block-heading\">Jour 2:<\/h4>\n\n\n\n<figure class=\"wp-block-image size-large\"><img loading=\"lazy\" decoding=\"async\" width=\"768\" height=\"1024\" src=\"https:\/\/www.egypte-voyageoriginal.com\/wp-content\/uploads\/2024\/05\/IMG_9660-768x1024.jpg\" alt=\"\" class=\"wp-image-842\" srcset=\"https:\/\/www.egypte-voyageoriginal.com\/wp-content\/uploads\/2024\/05\/IMG_9660-768x1024.jpg 768w, https:\/\/www.egypte-voyageoriginal.com\/wp-content\/uploads\/2024\/05\/IMG_9660-225x300.jpg 225w, https:\/\/www.egypte-voyageoriginal.com\/wp-content\/uploads\/2024\/05\/IMG_9660-1152x1536.jpg 1152w, https:\/\/www.egypte-voyageoriginal.com\/wp-content\/uploads\/2024\/05\/IMG_9660-1536x2048.jpg 1536w, https:\/\/www.egypte-voyageoriginal.com\/wp-content\/uploads\/2024\/05\/IMG_9660-1200x1600.jpg 1200w, https:\/\/www.egypte-voyageoriginal.com\/wp-content\/uploads\/2024\/05\/IMG_9660-1980x2640.jpg 1980w, https:\/\/www.egypte-voyageoriginal.com\/wp-content\/uploads\/2024\/05\/IMG_9660-scaled.jpg 1920w\" sizes=\"(max-width: 768px) 100vw, 768px\" \/><\/figure>\n\n\n\n<h4 class=\"wp-block-heading\">Memphis -Saqqarah -Dahchour<\/h4>\n\n\n\n<p style=\"font-size:24px\">Petit d\u00e9jeuner \u00e0 l\u2019h\u00f4tel<br>D\u00e9part pour la visite des sites historiques suivants :<br>-Memphis :le mus\u00e9e ouvert de Memphis avec son fameux colosse de Rams\u00e8s 2 couch\u00e9s par<br>terre.<br>&#8211;<strong>Dahchour:<\/strong>Vous pouvez visiter l\u2019int\u00e9rieur des deux pyramides de notre grand pharaon Sn\u00e9frou \u00e0<br>Dahchour. La pyramide Rhombo\u00efdale et la pyramide rouge nous permettent \u00e0 suivre l\u2019\u00e9volution de la construction des pyramides.<br><strong>Saqqarah :<\/strong>on d\u00e9couvre la terre de dieu Sokar plein des tombes des pharaons et des nobles et le fameux complexe fun\u00e9raire de Djeser <br>fondateur de l\u2019ancien empire et la troisi\u00e8me dynastie.<br>-D\u00e9jeuner dans un restaurant typique Retour \u00e0 l\u2019h\u00f4tel enfin d\u2019apr\u00e8s midi.<br><\/p>\n\n\n\n<h4 class=\"wp-block-heading\">Jour 3:<\/h4>\n\n\n\n<figure class=\"wp-block-image size-large\"><img loading=\"lazy\" decoding=\"async\" width=\"768\" height=\"1024\" src=\"https:\/\/www.egypte-voyageoriginal.com\/wp-content\/uploads\/2024\/05\/whats-13-768x1024.jpeg\" alt=\"\" class=\"wp-image-844\" srcset=\"https:\/\/www.egypte-voyageoriginal.com\/wp-content\/uploads\/2024\/05\/whats-13-768x1024.jpeg 768w, https:\/\/www.egypte-voyageoriginal.com\/wp-content\/uploads\/2024\/05\/whats-13-225x300.jpeg 225w, https:\/\/www.egypte-voyageoriginal.com\/wp-content\/uploads\/2024\/05\/whats-13.jpeg 960w\" sizes=\"(max-width: 768px) 100vw, 768px\" \/><\/figure>\n\n\n\n<h4 class=\"wp-block-heading\">Le plateau de Gizeh-le mus\u00e9e du Caire<\/h4>\n\n\n\n<p style=\"font-size:26px\">D\u00e9jeuner \u00e0 l\u2019h\u00f4tel<br>D\u00e9part t\u00f4t pour les visites historiques suivantes :<br><strong>Le plateau de Gizeh<\/strong>: \u00absoldats,en haut de ces monuments quarante si\u00e8cles vous contemplent \u00bb<br>Bonaparte .<br>Le site qui renferme les trois c\u00e9l\u00e8bres pyramides de Kh\u00e9ops , Khephren et Mykerinos ainsi que le<br>sphinx \u00abAbou El-h\u00f4ll\u00bb en \u00e9gyptien<br><strong>Mus\u00e9e \u00e9gyptien:<\/strong>avec ces 160.000 pi\u00e8ces,il a re\u00e7u plus de cent millions de visiteurs au xx<br>si\u00e8cle.Le mus\u00e9e situ\u00e9 au c\u0153ur du Caire moderne face au place Tahrir.<strong>surprise<\/strong> \ud83c\udf81 <strong>cadeau<\/strong><br>D\u00e9jeuner tard<br>En fin de journ\u00e9e, transfert \u00e0 l&rsquo;a\u00e9roport du Caire pour prendre l&rsquo;avion vers Louxor.<br>Accueil \u00e0 l&rsquo;a\u00e9roport de Louxor. Transfert et installation dans votre hotel.<br>Nuit \u00e0 l\u2019hotel \u00e0 Louxor<\/p>\n\n\n\n<h4 class=\"wp-block-heading\">Jour 4:<\/h4>\n\n\n\n<figure class=\"wp-block-gallery has-nested-images columns-default is-cropped wp-block-gallery-1 is-layout-flex wp-block-gallery-is-layout-flex\">\n<figure class=\"wp-block-image size-large\"><img loading=\"lazy\" decoding=\"async\" width=\"768\" height=\"1024\" data-id=\"848\" src=\"https:\/\/www.egypte-voyageoriginal.com\/wp-content\/uploads\/2024\/05\/whats-18-768x1024.jpeg\" alt=\"\" class=\"wp-image-848\" srcset=\"https:\/\/www.egypte-voyageoriginal.com\/wp-content\/uploads\/2024\/05\/whats-18-768x1024.jpeg 768w, https:\/\/www.egypte-voyageoriginal.com\/wp-content\/uploads\/2024\/05\/whats-18-225x300.jpeg 225w, https:\/\/www.egypte-voyageoriginal.com\/wp-content\/uploads\/2024\/05\/whats-18.jpeg 960w\" sizes=\"(max-width: 768px) 100vw, 768px\" \/><\/figure>\n\n\n\n<figure class=\"wp-block-image size-large\"><img loading=\"lazy\" decoding=\"async\" width=\"1024\" height=\"768\" data-id=\"94\" src=\"https:\/\/www.egypte-voyageoriginal.com\/wp-content\/uploads\/2024\/02\/IMG_6310-2-1024x768.jpeg\" alt=\"\" class=\"wp-image-94\" srcset=\"https:\/\/www.egypte-voyageoriginal.com\/wp-content\/uploads\/2024\/02\/IMG_6310-2-1024x768.jpeg 1024w, https:\/\/www.egypte-voyageoriginal.com\/wp-content\/uploads\/2024\/02\/IMG_6310-2-300x225.jpeg 300w, https:\/\/www.egypte-voyageoriginal.com\/wp-content\/uploads\/2024\/02\/IMG_6310-2-768x576.jpeg 768w, https:\/\/www.egypte-voyageoriginal.com\/wp-content\/uploads\/2024\/02\/IMG_6310-2.jpeg 1280w\" sizes=\"(max-width: 1024px) 100vw, 1024px\" \/><\/figure>\n<\/figure>\n\n\n\n<h4 class=\"wp-block-heading\"><strong>Le temple de Louxor<\/strong> &#8211; <strong>Les temples de Karnak <\/strong><\/h4>\n\n\n\n<p>&#8211;<strong>Petit d\u00e9jeuner<br>-d\u00e9part pour la visite des sites historiques suivants :le temple de Louxor &#8211; les temples de Karnak<\/strong><br><\/p>\n\n\n\n<p style=\"font-size:26px\"><strong>Le temple de Louxor<\/strong> : un temple commenc\u00e9 par le rois Amenophis 3 et<br>compl\u00e9t\u00e9 par Rams\u00e9s 2 et bien d&rsquo;autres pharaon. Il repr\u00e9sente au mieux le<br>plan sch\u00e9matique d&rsquo;un temple \u00e9gyptien avec son \u00e9l\u00e9gant chemin du sphinx,<br>sa fa\u00e7ade gigantesque pr\u00e9c\u00e9d\u00e9 autrefois par deux magnifiques ob\u00e9lisques,<br>un est encore sur place et l&rsquo;autre se trouve depuis 1834 sur la place<br>Concorde \u00e0 Paris cadeau \ud83c\udf81<br><\/p>\n\n\n\n<p style=\"font-size:24px\"><strong>Les temples de Karnak :<\/strong> grand complexe religieux consacr\u00e9 au dieu<br>Amon, le dieu officiel de toute l&rsquo;\u00e9gypte pendant le Nouvel Empire<br>pharaonique. Il date de 20\u00e8me si\u00e8cle avant notre \u00e8re. On y acc\u00e8de par un<br>splendide chemin de Sphinx, il est compos\u00e9 de plusieurs salles, vestibules,<br>chapelles. Un impressionnant lac sacr\u00e9 et des colonnes vertigineuse.<br>Arriver \u00e0 bord de votre bateau (souvent l\u2019arriv\u00e9e le Samedi)<br>D\u00e9jeuner \u00e0 bord<\/p>\n\n\n\n<h4 class=\"wp-block-heading\">Jour 5:<\/h4>\n\n\n\n<figure class=\"wp-block-gallery has-nested-images columns-default is-cropped wp-block-gallery-2 is-layout-flex wp-block-gallery-is-layout-flex\">\n<figure class=\"wp-block-image size-full\"><img loading=\"lazy\" decoding=\"async\" width=\"480\" height=\"366\" data-id=\"852\" src=\"https:\/\/www.egypte-voyageoriginal.com\/wp-content\/uploads\/2024\/05\/d4c3d747-ba0f-4a58-ba69-af1206654490.jpg\" alt=\"\" class=\"wp-image-852\" srcset=\"https:\/\/www.egypte-voyageoriginal.com\/wp-content\/uploads\/2024\/05\/d4c3d747-ba0f-4a58-ba69-af1206654490.jpg 480w, https:\/\/www.egypte-voyageoriginal.com\/wp-content\/uploads\/2024\/05\/d4c3d747-ba0f-4a58-ba69-af1206654490-300x229.jpg 300w\" sizes=\"(max-width: 480px) 100vw, 480px\" \/><\/figure>\n\n\n\n<figure class=\"wp-block-image size-full\"><img decoding=\"async\" data-id=\"853\" src=\"https:\/\/www.egypte-voyageoriginal.com\/wp-content\/uploads\/2024\/05\/IMG_2298.gif\" alt=\"\" class=\"wp-image-853\"\/><\/figure>\n<\/figure>\n\n\n\n<h4 class=\"wp-block-heading\"><strong><strong>La vall\u00e9e des rois<\/strong><\/strong> &#8211; <strong>Le temple de medinet Habou<\/strong> &#8211; <strong>Les deux colosses de Memnon<\/strong><\/h4>\n\n\n\n<p style=\"font-size:24px\">-C&rsquo;est dans la Vall\u00e9e des rois, sur la rive ouest du Nil et pr\u00e8s de<br>Luxor, qu&rsquo;ont \u00e9t\u00e9 plac\u00e9s les tombeaux des pharaons du Nouvel<br>Empire (1539-1075 av. J.-C.), de Thoutm\u00f4sis I \u00e0 Rams\u00e8s XI. \u00c0 cette<br>\u00e9poque, la vall\u00e9e est devenue un cimeti\u00e8re royal pour les pharaons<br>mais \u00e9galement les reines, les princes, les hauts dignitaires et les<br>\u00e9lites des 18e, 19e et 20e dynasties.<br><strong>Le temple de medinet Habou :<br><\/strong>-le temple des millions d&rsquo;ann\u00e9es de Rams\u00e8s III .c\u2019est le temple de<br>dieu Amon le dieu principal au nouvel empire.<br>La vall\u00e9e des artisans ( Deir El-Medineh):<br>-Deir El-Medineh est la vall\u00e9e o\u00f9 se trouvent le village et la<br>n\u00e9cropole de tous ceux qui construisirent et d\u00e9cor\u00e8rent les tombes<br>royales de Th\u00e8bes.endroit magnifique<br><strong>Les deux colosses de Memnon:<br><\/strong>-Les colosses de Memnon sont deux sculptures de pierre<br>monumentales situ\u00e9es sur la rive occidentale de Th\u00e8bes, sur la<br>route qui m\u00e8ne \u00e0 la n\u00e9cropole th\u00e9baine. Elles sont les derniers<br>vestiges du gigantesque temple des millions<br>d&rsquo;ann\u00e9esd&rsquo;Amenhotep III, construit durant la XVIIIe dynastie, qui<br>n&rsquo;existe plus de nos jours. Ils sont situ\u00e9s au lieu-dit K\u00f4m el- hittan.<br>D\u00e9jeuner \u00e0 bord<br>Navigation vers Assouan<\/p>\n\n\n\n<p><strong>Petit d\u00e9jeuner \u00e0 bord<br>-D\u00e9part pour la visite des sites historiques suivants sur la rive<\/strong><br><strong>Ouest de Louxor :<\/strong>vall\u00e9e des rois-la vall\u00e9e des artisans-le<br>temple de medinet Habou- les deus colosses de Memnon.<br><\/p>\n\n\n\n<p style=\"font-size:24px\"><strong>La vall\u00e9e des rois:<\/strong><\/p>\n\n\n\n<p style=\"font-size:24px\">-C&rsquo;est dans la Vall\u00e9e des rois, sur la rive ouest du Nil et pr\u00e8s de<br>Luxor, qu&rsquo;ont \u00e9t\u00e9 plac\u00e9s les tombeaux des pharaons du Nouvel<br>Empire (1539-1075 av. J.-C.), de Thoutm\u00f4sis I \u00e0 Rams\u00e8s XI. \u00c0 cette<br>\u00e9poque, la vall\u00e9e est devenue un cimeti\u00e8re royal pour les pharaons<br>mais \u00e9galement les reines, les princes, les hauts dignitaires et les<br>\u00e9lites des 18e, 19e et 20e dynasties.<br><strong>Le temple de medinet Habou :<br><\/strong>-le temple des millions d&rsquo;ann\u00e9es de Rams\u00e8s III .c\u2019est le temple de<br>dieu Amon le dieu principal au nouvel empire.<br>La vall\u00e9e des artisans ( Deir El-Medineh):<br>-Deir El-Medineh est la vall\u00e9e o\u00f9 se trouvent le village et la<br>n\u00e9cropole de tous ceux qui construisirent et d\u00e9cor\u00e8rent les tombes<br>royales de Th\u00e8bes.endroit magnifique<br><strong>Les deux colosses de Memnon:<br><\/strong>Les colosses de Memnon sont deux sculptures de pierre<br>monumentales situ\u00e9es sur la rive occidentale de Th\u00e8bes, sur la<br>route qui m\u00e8ne \u00e0 la n\u00e9cropole th\u00e9baine. Elles sont les derniers<br>vestiges du gigantesque temple des millions<br>d&rsquo;ann\u00e9esd&rsquo;Amenhotep III, construit durant la XVIIIe dynastie, qui<br>n&rsquo;existe plus de nos jours. Ils sont situ\u00e9s au lieu-dit K\u00f4m el- hittan.<br>D\u00e9jeuner \u00e0 bord<br>Navigation vers Assouan<\/p>\n\n\n\n<h4 class=\"wp-block-heading\">Jour 6:<\/h4>\n\n\n\n<figure class=\"wp-block-image size-large\"><img loading=\"lazy\" decoding=\"async\" width=\"768\" height=\"1024\" src=\"https:\/\/www.egypte-voyageoriginal.com\/wp-content\/uploads\/2024\/02\/IMG_6597-2-768x1024.jpeg\" alt=\"Horus - Granit d'Assouan Temple Edfou\" class=\"wp-image-117\" srcset=\"https:\/\/www.egypte-voyageoriginal.com\/wp-content\/uploads\/2024\/02\/IMG_6597-2-768x1024.jpeg 768w, https:\/\/www.egypte-voyageoriginal.com\/wp-content\/uploads\/2024\/02\/IMG_6597-2-225x300.jpeg 225w, https:\/\/www.egypte-voyageoriginal.com\/wp-content\/uploads\/2024\/02\/IMG_6597-2.jpeg 960w\" sizes=\"(max-width: 768px) 100vw, 768px\" \/><\/figure>\n\n\n\n<h4 class=\"wp-block-heading\"><strong>Le temple d\u2019Edfou<\/strong> -Le <strong> temple de kom-Ombo<\/strong><\/h4>\n\n\n\n<p>Petit d\u00e9jeuner \u00e0 bord .<br><strong>-D\u00e9part pour la visite du temple d\u2019Edfou<br><\/strong>Le temple d\u2019Edfou<br>D\u00e9jeuner \u00e0 bord<br><strong>-d\u00e9part pour la visite du temple de kom-Ombo<br><\/strong>Le temple de kom- Ombo<br>D\u00eener \u00e0 bord<\/p>\n\n\n\n<h4 class=\"wp-block-heading\">Jour 7:<\/h4>\n\n\n\n<figure class=\"wp-block-gallery has-nested-images columns-default is-cropped wp-block-gallery-3 is-layout-flex wp-block-gallery-is-layout-flex\">\n<figure class=\"wp-block-image size-large\"><img loading=\"lazy\" decoding=\"async\" width=\"768\" height=\"1024\" data-id=\"857\" src=\"https:\/\/www.egypte-voyageoriginal.com\/wp-content\/uploads\/2024\/05\/efa45c10-2e3f-4ad9-96b2-925d477682ea-768x1024.jpg\" alt=\"\" class=\"wp-image-857\" srcset=\"https:\/\/www.egypte-voyageoriginal.com\/wp-content\/uploads\/2024\/05\/efa45c10-2e3f-4ad9-96b2-925d477682ea-768x1024.jpg 768w, https:\/\/www.egypte-voyageoriginal.com\/wp-content\/uploads\/2024\/05\/efa45c10-2e3f-4ad9-96b2-925d477682ea-225x300.jpg 225w, https:\/\/www.egypte-voyageoriginal.com\/wp-content\/uploads\/2024\/05\/efa45c10-2e3f-4ad9-96b2-925d477682ea.jpg 960w\" sizes=\"(max-width: 768px) 100vw, 768px\" \/><\/figure>\n\n\n\n<figure class=\"wp-block-image size-large\"><img loading=\"lazy\" decoding=\"async\" width=\"768\" height=\"1024\" data-id=\"862\" src=\"https:\/\/www.egypte-voyageoriginal.com\/wp-content\/uploads\/2024\/05\/IMG_6878-768x1024.jpg\" alt=\"\" class=\"wp-image-862\" srcset=\"https:\/\/www.egypte-voyageoriginal.com\/wp-content\/uploads\/2024\/05\/IMG_6878-768x1024.jpg 768w, https:\/\/www.egypte-voyageoriginal.com\/wp-content\/uploads\/2024\/05\/IMG_6878-225x300.jpg 225w, https:\/\/www.egypte-voyageoriginal.com\/wp-content\/uploads\/2024\/05\/IMG_6878-1152x1536.jpg 1152w, https:\/\/www.egypte-voyageoriginal.com\/wp-content\/uploads\/2024\/05\/IMG_6878-1536x2048.jpg 1536w, https:\/\/www.egypte-voyageoriginal.com\/wp-content\/uploads\/2024\/05\/IMG_6878-1200x1600.jpg 1200w, https:\/\/www.egypte-voyageoriginal.com\/wp-content\/uploads\/2024\/05\/IMG_6878-1980x2640.jpg 1980w, https:\/\/www.egypte-voyageoriginal.com\/wp-content\/uploads\/2024\/05\/IMG_6878-scaled.jpg 1920w\" sizes=\"(max-width: 768px) 100vw, 768px\" \/><\/figure>\n<\/figure>\n\n\n\n<h4 class=\"wp-block-heading\">Le temple de Phila\u00e9 -l\u2019ob\u00e9lisque inachev\u00e9<\/h4>\n\n\n\n<p style=\"font-size:25px\">Arriver \u00e0 Assouan<br>Petit d\u00e9jeuner<br>-D\u00e9part pour la visite des sites historiques suivants :le temple<br>de Phila\u00e9- l\u2019ob\u00e9lisque inachev\u00e9<br>D\u00e9jeuner \u00e0 bord<br>D\u00e9part pour la balade en felouque dans le Nil d\u2019Assouan et la visite<br>d\u2019un village Nubien sur la rive ouest d\u2019Assouan.<\/p>\n\n\n\n<h4 class=\"wp-block-heading\">Jour 8:<\/h4>\n\n\n\n<figure class=\"wp-block-image size-full\"><img decoding=\"async\" src=\"https:\/\/www.egypte-voyageoriginal.com\/wp-content\/uploads\/2024\/05\/red.png\" alt=\"\" class=\"wp-image-868\"\/><\/figure>\n\n\n\n<h4 class=\"wp-block-heading\">Les deux temples d\u2019Abu-Simbel<\/h4>\n\n\n\n<p style=\"font-size:27px\">D\u00e9part t\u00f4t pour visiter les deux temples d\u2019Abu-Simbel<br>D\u00e9jeuner \u00e0 bord<br>Transfert \u00e0 l\u2019a\u00e9roport pour Le Caire<br>Installation \u00e0 l\u2019h\u00f4tel au Caire<\/p>\n\n\n\n<h4 class=\"wp-block-heading\">Jour 9:<\/h4>\n\n\n\n<p>Transfert \u00e0 l\u2019a\u00e9roport<br>Bon voyage \ud83c\udf37<\/p>\n\n\n\n<h4 class=\"wp-block-heading\">Tarif:<\/h4>\n\n\n\n<p>2 \u00e0 4 personnes ,xxxx \u20ac par personne .<\/p>\n\n\n\n<h4 class=\"wp-block-heading\"><em>Cette offre comprend:<\/em><\/h4>\n\n\n\n<ul class=\"wp-block-list\">\n<li>1-tout transfert et d\u00e9placement pendant les visites en v\u00e9hicule priv\u00e9 juste pour vous.<\/li>\n\n\n\n<li>2-Les tickets d\u2019entr\u00e9e aux sites pr\u00e9vus.<\/li>\n\n\n\n<li>3-Guide \u00e9gyptologue francophone.<\/li>\n\n\n\n<li>4-Au Caire 3nuits dans un h\u00f4tel 3 \u00e9toiles chambre double.<\/li>\n\n\n\n<li>5- \u00c0 Louxor une nuit dans un h\u00f4tel 3 \u00e9toiles chambre double.<\/li>\n\n\n\n<li>6- 4 nuits d\u2019une croisi\u00e8re sur un bateau 5 \u00e9toiles,pension compl\u00e8te.<\/li>\n\n\n\n<li>7- d\u00e9jeuners<\/li>\n\n\n\n<li>8-Toutes les charges de services.<\/li>\n\n\n\n<li>9-Les pourboires .<\/li>\n<\/ul>\n\n\n\n<p><\/p>\n\n\n\n<h4 class=\"wp-block-heading\"><em>Cette<\/em> offre ne comprend pas:<\/h4>\n\n\n\n<ul class=\"wp-block-list\">\n<li>1-Les billets d\u2019avion internationaux et les vols internes.<\/li>\n\n\n\n<li>2-les frais de visa.<\/li>\n\n\n\n<li>3- tout suppl\u00e9ment non mentionn\u00e9s dans le programme.<\/li>\n<\/ul>\n\n\n\n<p>* on respecte tous les d\u00e9tails du programme mais parfois on<br>change l\u2019ordre .<\/p>\n\n\n\n<h5 class=\"wp-block-heading\"><mark style=\"background-color:rgba(0, 0, 0, 0)\" class=\"has-inline-color has-accent-color\">Remarque :<\/mark><\/h5>\n\n\n\n<p style=\"font-size:25px\">Vous pouvez r\u00e9server par vous m\u00eame l\u2019h\u00f4tel du Caire<\/p>\n","protected":false},"excerpt":{"rendered":"<p>Programme : classique Le Caire + 4 nuits de croisi\u00e8re dans 9 jours Jour 1: Accueil \u00e0 l\u2019a\u00e9roport et transfert \u00e0 l\u2019h\u00f4tel Jour 2: Memphis -Saqqarah -Dahchour Petit d\u00e9jeuner \u00e0 l\u2019h\u00f4telD\u00e9part pour la visite des sites historiques suivants :-Memphis :le mus\u00e9e ouvert de Memphis avec son fameux colosse de Rams\u00e8s 2 couch\u00e9s parterre.&#8211;Dahchour:Vous pouvez visiter [&hellip;]<\/p>\n","protected":false},"author":2,"featured_media":0,"parent":0,"menu_order":0,"comment_status":"closed","ping_status":"closed","template":"","meta":{"_sitemap_exclude":false,"_sitemap_priority":"","_sitemap_frequency":"","_joinchat":[],"footnotes":""},"class_list":["post-745","page","type-page","status-publish","hentry"],"aioseo_notices":[],"_links":{"self":[{"href":"https:\/\/www.egypte-voyageoriginal.com\/index.php\/wp-json\/wp\/v2\/pages\/745"}],"collection":[{"href":"https:\/\/www.egypte-voyageoriginal.com\/index.php\/wp-json\/wp\/v2\/pages"}],"about":[{"href":"https:\/\/www.egypte-voyageoriginal.com\/index.php\/wp-json\/wp\/v2\/types\/page"}],"author":[{"embeddable":true,"href":"https:\/\/www.egypte-voyageoriginal.com\/index.php\/wp-json\/wp\/v2\/users\/2"}],"replies":[{"embeddable":true,"href":"https:\/\/www.egypte-voyageoriginal.com\/index.php\/wp-json\/wp\/v2\/comments?post=745"}],"version-history":[{"count":24,"href":"https:\/\/www.egypte-voyageoriginal.com\/index.php\/wp-json\/wp\/v2\/pages\/745\/revisions"}],"predecessor-version":[{"id":897,"href":"https:\/\/www.egypte-voyageoriginal.com\/index.php\/wp-json\/wp\/v2\/pages\/745\/revisions\/897"}],"wp:attachment":[{"href":"https:\/\/www.egypte-voyageoriginal.com\/index.php\/wp-json\/wp\/v2\/media?parent=745"}],"curies":[{"name":"wp","href":"https:\/\/api.w.org\/{rel}","templated":true}]}}