{"id":492,"date":"2024-03-28T12:06:34","date_gmt":"2024-03-28T11:06:34","guid":{"rendered":"https:\/\/www.egypte-voyageoriginal.com\/?page_id=492"},"modified":"2024-08-15T15:51:27","modified_gmt":"2024-08-15T13:51:27","slug":"programme-mykerinos-le-caire-lalexandrie-et-loasis-du-fayoum-en-8-jours","status":"publish","type":"page","link":"https:\/\/www.egypte-voyageoriginal.com\/index.php\/programmes-et-visites\/programme-mykerinos-le-caire-lalexandrie-et-loasis-du-fayoum-en-8-jours\/","title":{"rendered":"S\u00e9jours :  Le Caire, l\u2019Alexandrie et l\u2019oasis du Fayoum en 8 Jours"},"content":{"rendered":"\n<h3 class=\"wp-block-heading\"><mark style=\"background-color:rgba(0, 0, 0, 0)\" class=\"has-inline-color has-accent-color\">&nbsp; &nbsp; &nbsp;Programme : Myk\u00e9rinos<\/mark><\/h3>\n\n\n\n<figure class=\"wp-block-image size-large\"><img loading=\"lazy\" decoding=\"async\" width=\"1024\" height=\"768\" src=\"https:\/\/www.egypte-voyageoriginal.com\/wp-content\/uploads\/2024\/04\/mak-1024x768.jpeg\" alt=\"\" class=\"wp-image-701\" srcset=\"https:\/\/www.egypte-voyageoriginal.com\/wp-content\/uploads\/2024\/04\/mak-1024x768.jpeg 1024w, https:\/\/www.egypte-voyageoriginal.com\/wp-content\/uploads\/2024\/04\/mak-300x225.jpeg 300w, https:\/\/www.egypte-voyageoriginal.com\/wp-content\/uploads\/2024\/04\/mak-768x576.jpeg 768w, https:\/\/www.egypte-voyageoriginal.com\/wp-content\/uploads\/2024\/04\/mak-1200x900.jpeg 1200w, https:\/\/www.egypte-voyageoriginal.com\/wp-content\/uploads\/2024\/04\/mak.jpeg 1280w\" sizes=\"(max-width: 1024px) 100vw, 1024px\" \/><\/figure>\n\n\n\n<h5 class=\"wp-block-heading\"><mark style=\"background-color:rgba(0, 0, 0, 0)\" class=\"has-inline-color has-accent-color\"><a href=\".\" target=\"_blank\" rel=\"noopener\" title=\"\">Le Caire, l\u2019Alexandrie et l\u2019oasis du Fayoum en 8 Jours<\/a><\/mark><\/h5>\n\n\n\n<h4 class=\"wp-block-heading\"><em><mark style=\"background-color:rgba(0, 0, 0, 0)\" class=\"has-inline-color has-accent-color\"><a href=\"https:\/\/www.egypte-voyageoriginal.com\/wp-admin\/post.php?post=492&amp;action=edit\" title=\"\">\u201cDiff\u00e9rentes tonalit\u00e9s de l&rsquo;Egypte\u201d<\/a><\/mark><\/em><\/h4>\n\n\n\n<p><strong>Si vous souhaitez visiter diff\u00e9rentes tonalit\u00e9s de l\u2019\u00c9gypte, le programme Myk\u00e9rinos vous conviendra parfaitemen<\/strong>t.<\/p>\n\n\n\n<h4 class=\"wp-block-heading\"><strong><em>Jour 1 :<\/em><\/strong><\/h4>\n\n\n\n<p>&nbsp;Accueil \u00e0 l\u2019a\u00e9roport et transfert \u00e0 l\u2019h\u00f4tel&nbsp;<\/p>\n\n\n\n<h4 class=\"wp-block-heading\"><strong><em>Jour 2 :<\/em><\/strong><\/h4>\n\n\n\n<figure class=\"wp-block-image size-large\"><img loading=\"lazy\" decoding=\"async\" width=\"1024\" height=\"768\" src=\"https:\/\/www.egypte-voyageoriginal.com\/wp-content\/uploads\/2024\/04\/whats-30-1-1024x768.jpeg\" alt=\"\" class=\"wp-image-703\" srcset=\"https:\/\/www.egypte-voyageoriginal.com\/wp-content\/uploads\/2024\/04\/whats-30-1-1024x768.jpeg 1024w, https:\/\/www.egypte-voyageoriginal.com\/wp-content\/uploads\/2024\/04\/whats-30-1-300x225.jpeg 300w, https:\/\/www.egypte-voyageoriginal.com\/wp-content\/uploads\/2024\/04\/whats-30-1-768x576.jpeg 768w, https:\/\/www.egypte-voyageoriginal.com\/wp-content\/uploads\/2024\/04\/whats-30-1-1200x900.jpeg 1200w, https:\/\/www.egypte-voyageoriginal.com\/wp-content\/uploads\/2024\/04\/whats-30-1.jpeg 1280w\" sizes=\"(max-width: 1024px) 100vw, 1024px\" \/><\/figure>\n\n\n\n<h5 class=\"wp-block-heading\"><strong>Saqqarah &#8211; le s\u00e9rap\u00e9um de Saqqarah &#8211; Dahchour<\/strong><\/h5>\n\n\n\n<p>Petit d\u00e9jeuner \u00e0 l\u2019h\u00f4tel&nbsp;<br><strong>D\u00e9part pour la visite des sites historiques suivants :<\/strong><\/p>\n\n\n\n<p><strong>Le s\u00e9rap\u00e9um<\/strong> : La premi\u00e8re tombe collective sp\u00e9cialement am\u00e9nag\u00e9e pour les d\u00e9pouilles des taureaux sacr\u00e9s Apis. <a href=\"https:\/\/en.wikipedia.org\/w\/index.php?search=Le+s%C3%A9rap%C3%A9um+&amp;title=Special%3ASearch&amp;ns0=1\" title=\"\">Le s\u00e9rap\u00e9um <\/a>fut d\u00e9couvert par <a href=\"https:\/\/en.wikipedia.org\/wiki\/Auguste_Mariette\" title=\"\">Auguste Mariette<\/a> le 1er novembre 1851.<\/p>\n\n\n\n<p><strong>Dahchour<\/strong> : Vous pouvez visiter l\u2019int\u00e9rieur des deux pyramides de notre grand pharaon Sn\u00e9frou \u00e0 Dahchour. La pyramide Rhombo\u00efdale et la pyramide rouge nous permettent \u00e0 suivre l\u2019\u00e9volution de la construction des pyramides.<\/p>\n\n\n\n<p><strong>Saqqarah<\/strong> : on d\u00e9couvre la terre de dieu Sokar pleine des tombes de pharaons et de nobles et le fameux complexe fun\u00e9raire de Djeser fondateur de l\u2019ancien empire et la troisi\u00e8me dynastie. D\u00e9jeuner dans un restaurant typique \u00e9gyptien<\/p>\n\n\n\n<p>Retour \u00e0 l\u2019h\u00f4tel en fin d\u2019apr\u00e8s midi.<\/p>\n\n\n\n<h4 class=\"wp-block-heading\"><em>J<strong>our 3<\/strong>:<\/em><\/h4>\n\n\n\n<p><strong> <\/strong><\/p>\n\n\n\n<figure class=\"wp-block-image size-large\"><img loading=\"lazy\" decoding=\"async\" width=\"1024\" height=\"609\" src=\"https:\/\/www.egypte-voyageoriginal.com\/wp-content\/uploads\/2024\/04\/abo2-1024x609.jpeg\" alt=\"\" class=\"wp-image-704\" srcset=\"https:\/\/www.egypte-voyageoriginal.com\/wp-content\/uploads\/2024\/04\/abo2-1024x609.jpeg 1024w, https:\/\/www.egypte-voyageoriginal.com\/wp-content\/uploads\/2024\/04\/abo2-300x178.jpeg 300w, https:\/\/www.egypte-voyageoriginal.com\/wp-content\/uploads\/2024\/04\/abo2-768x457.jpeg 768w, https:\/\/www.egypte-voyageoriginal.com\/wp-content\/uploads\/2024\/04\/abo2-1200x714.jpeg 1200w, https:\/\/www.egypte-voyageoriginal.com\/wp-content\/uploads\/2024\/04\/abo2.jpeg 1279w\" sizes=\"(max-width: 1024px) 100vw, 1024px\" \/><\/figure>\n\n\n\n<h4 class=\"wp-block-heading\"><strong> Le plateau de Gizeh &#8211; le mus\u00e9e du Caire&nbsp;<\/strong><\/h4>\n\n\n\n<h5 class=\"wp-block-heading\"><strong>La visite du souk de khan El &#8211; khalil.<\/strong><\/h5>\n\n\n\n<p>Petit D\u00e9jeuner \u00e0 l\u2019h\u00f4tel&nbsp;<br>D\u00e9part t\u00f4t pour les visites historiques suivantes :<\/p>\n\n\n\n<p><strong>Le plateau de Gizeh<\/strong> : le site qui renferme les trois c\u00e9l\u00e8bres pyramides de Kh\u00e9ops , Khephren et Mykerinos ainsi que le sphinx \u00abAbou El-h\u00f4ll\u00bb en \u00e9gyptien&nbsp;<\/p>\n\n\n\n<p><strong>Mus\u00e9e \u00e9gyptien<\/strong> : avec ces 160.000 pi\u00e8ces, il a re\u00e7u plus de cent millions de visiteurs au xx si\u00e8cle. Le mus\u00e9e situ\u00e9 au c\u0153ur du Caire moderne face \u00e0 la place Tahrir. Visite guid\u00e9e et comment\u00e9e , <strong>cadeau <\/strong>\ud83c\udf81<strong> surprise<\/strong><\/p>\n\n\n\n<p>D\u00e9jeuner tard&nbsp;<\/p>\n\n\n\n<h4 class=\"wp-block-heading\"><strong><em>Jour<\/em> 4 :<\/strong><\/h4>\n\n\n\n<figure class=\"wp-block-image size-full\"><img loading=\"lazy\" decoding=\"async\" width=\"940\" height=\"500\" src=\"https:\/\/www.egypte-voyageoriginal.com\/wp-content\/uploads\/2024\/04\/mon1.jpg\" alt=\"\" class=\"wp-image-705\" srcset=\"https:\/\/www.egypte-voyageoriginal.com\/wp-content\/uploads\/2024\/04\/mon1.jpg 940w, https:\/\/www.egypte-voyageoriginal.com\/wp-content\/uploads\/2024\/04\/mon1-300x160.jpg 300w, https:\/\/www.egypte-voyageoriginal.com\/wp-content\/uploads\/2024\/04\/mon1-768x409.jpg 768w\" sizes=\"(max-width: 940px) 100vw, 940px\" \/><\/figure>\n\n\n\n<h5 class=\"wp-block-heading\"><strong>Alexandrie : Les Catacombes Kom El-Shouqafa &#8211; La Colonne de Pomp\u00e9e &#8211; l&rsquo;amphith\u00e8atre d&rsquo;Alexandrie- Jardins du palais de MONTAZAH<\/strong><\/h5>\n\n\n\n<p><strong> <\/strong><\/p>\n\n\n\n<p>D\u00e9part matinal pour d\u00e9couvrir :<\/p>\n\n\n\n<p><strong>Les Catacombes de Kom El-Shouqafa :<\/strong> d\u00e8s l&rsquo;arriv\u00e9e d&rsquo;Alexandre le Grand, les cultures grecques et \u00e9gyptiennes ont appris \u00e0 se m\u00ealer. Les catacombes sont une vaste construction souterraine \u00e0 trois \u00e9tages datant des Ier et IIe si\u00e8cles. Leur d\u00e9coration constitue un exemple remarquable du r\u00e9sultat de la fusion de deux arts, l\u2019\u00e9gyptien et le gr\u00e9co-romain. Sur les colonnes qui pr\u00e9c\u00e8dent la chambre fun\u00e9raire, Anubis, dieu \u00e9gyptien des morts, est v\u00eatu en l\u00e9gionnaire romain et arbore une queue de serpent, attribut du dieu grec protecteur Agathos Daimon.&nbsp;Dans la chambre du tombeau, les dieux Horus et Thot sont repr\u00e9sent\u00e9s dans un style gr\u00e9co-romain. L\u2019une des salles, dite chambre de Caracalla, a \u00e9galement servi de refuges aux chr\u00e9tiens pers\u00e9cut\u00e9s par cet empereur.<\/p>\n\n\n\n<p><strong>Le Serapeum et la Colonne de Pomp\u00e9e<\/strong> : Un site historique qui date de l&rsquo;\u00e9poque grecque, consacr\u00e9 au dieu Apis, repr\u00e9sent\u00e9 sous la forme d&rsquo;un taureau. Cette colonne en granit de 15m de haut, se trouve sur une hauteur. Elle a \u00e9t\u00e9 \u00e9rig\u00e9 en honneur de l&#8217;empereur romain Diocl\u00e9tien en 298 apr\u00e8s JC.<\/p>\n\n\n\n<p><strong>L\u2019Amphith\u00e9\u00e2tre d&rsquo;Alexandrie<\/strong> est site historique qui renferme un th\u00e9\u00e2tre romain et les vestiges de fouilles sous-marines du fameux phare d&rsquo;Alexandrie. Ce th\u00e9\u00e2tre n&rsquo;\u00e9tait bien \u00e9videmment pas le seul de la cit\u00e9 antique mais il est le seul retrouv\u00e9. Selon des textes antiques, d&rsquo;autres th\u00e9\u00e2tres avaient \u00e9t\u00e9 construits \u00e0 l&rsquo;\u00e9poque grecque et \u00e0 l&rsquo;\u00e9poque romaine en ville.<\/p>\n\n\n\n<p>Juste \u00e0 cot\u00e9 de ce th\u00e9\u00e2tre, on remarque les fondations d&rsquo;une villa d&rsquo;\u00e9poque romaine, appel\u00e9e par les arch\u00e9ologues la villa des oiseaux, \u00e0 cause de magnifiques oiseaux dessin\u00e9s sur les mosa\u00efques des parterres.<\/p>\n\n\n\n<p>Plusieurs statues expos\u00e9es sur le site, proviennent des fouilles sous-marines dans les ports d&rsquo;Alexandrie.<\/p>\n\n\n\n<p><strong>Jardins du palais de Montazah<\/strong> :<\/p>\n\n\n\n<p>En 1892, Abbas Helmy II, le dernier Kh\u00e9dive d&rsquo;\u00c9gypte et du Soudan a choisi cet endroit, \u00e0 cause des sc\u00e8nes de la mer l\u00e0-bas et \u00e0 cause de l&rsquo;atmosph\u00e8re calme et fascinante de cet endroit. Helmy a d\u00e9cid\u00e9 d&rsquo;utiliser cet endroit pour sa r\u00e9sidence d&rsquo;\u00e9t\u00e9 et a d\u00e9cid\u00e9 d&rsquo;y construire des palais le Salamlek et le Haramlek et des jardins, Le Kh\u00e9dive a lui-m\u00eame suivi la construction des deux palais et a nomm\u00e9 l&rsquo;ensemble du complexe, le Montazah, ou le jardin.<\/p>\n\n\n\n<p>&#8211; D\u00e9jeuner<\/p>\n\n\n\n<h4 class=\"wp-block-heading\"><strong><em>Jours 5 :<\/em><\/strong><\/h4>\n\n\n\n<figure class=\"wp-block-image size-full\"><img loading=\"lazy\" decoding=\"async\" width=\"1023\" height=\"682\" src=\"https:\/\/www.egypte-voyageoriginal.com\/wp-content\/uploads\/2024\/04\/labAB1.jpeg\" alt=\"\" class=\"wp-image-706\" srcset=\"https:\/\/www.egypte-voyageoriginal.com\/wp-content\/uploads\/2024\/04\/labAB1.jpeg 1023w, https:\/\/www.egypte-voyageoriginal.com\/wp-content\/uploads\/2024\/04\/labAB1-300x200.jpeg 300w, https:\/\/www.egypte-voyageoriginal.com\/wp-content\/uploads\/2024\/04\/labAB1-768x512.jpeg 768w\" sizes=\"(max-width: 1023px) 100vw, 1023px\" \/><\/figure>\n\n\n\n<p><strong> <\/strong><br>Petit d\u00e9jeuner \u00e0 l\u2019h\u00f4tel<br><strong>D\u00e9part pour la visite des sites historiques suivantes :<br><\/strong><\/p>\n\n\n\n<h5 class=\"wp-block-heading\"><strong>La biblioth\u00e8que d\u2019Alexandrie &#8211; le mus\u00e9e d\u2019antiquit\u00e9s &#8211; balade libre sur le site du fort de Quaitbay<\/strong><\/h5>\n\n\n\n<p><strong>La biblioth\u00e8que d&rsquo;Alexandrie<\/strong> est un centre culturel situ\u00e9 sur les rives de la M\u00e9diterran\u00e9e dans la ville d&rsquo;Alexandrie, en \u00c9gypte. Les travaux d\u00e9but\u00e8rent en 1995 et co\u00fbt\u00e8rent 220 millions de dollars. Inaugur\u00e9e le 16 octobre 2002, elle a \u00e9t\u00e9 class\u00e9e premi\u00e8re biblioth\u00e8que num\u00e9rique du 21e si\u00e8cle et contient plus de 8 millions de livres. La salle de lecture avec ses murs ext\u00e9rieurs en blocs de granit d&rsquo;Assouan et le parquet int\u00e9rieur en bois, r\u00e9alis\u00e9 selon les techniques et mat\u00e9riaux norv\u00e9giens, rappelle la Biblioth\u00e8que nationale de Paris mais aussi l&rsquo;ambiance d&rsquo;une mosqu\u00e9e.<\/p>\n\n\n\n<p><strong>Le Mus\u00e9e des Antiquit\u00e9s de la biblioth\u00e8que d\u2019Alexandrie<\/strong> est l&rsquo;un des rares mus\u00e9es au monde mettant \u00e0 la disposition du public des pi\u00e8ces arch\u00e9ologiques expos\u00e9es dans le m\u00eame emplacement o\u00f9 elles \u00e9taient d\u00e9couvertes. Le mus\u00e9e a \u00e9t\u00e9 officiellement inaugur\u00e9 le 16 octobre 2002.<\/p>\n\n\n\n<p><strong>Le Fort de sultan Qaitbay<\/strong> : La citadelle de Qaitbay ou le fort de Qaitbay est une forteresse d\u00e9fensive du XVe si\u00e8cle situ\u00e9e sur la c\u00f4te de la mer M\u00e9diterran\u00e9e. Les gens ordinaires marchent \u00e0 proximit\u00e9. Balade libre sur le site adorable de la citadelle et du phare d\u2019Alexandrie + surprise-cadeau<\/p>\n\n\n\n<p><strong>Le phare d\u2019Alexandrie<\/strong><\/p>\n\n\n\n<p>Sur l\u2019emplacement du phare antique s\u2019\u00e9l\u00e8ve aujourd\u2019hui le fort du sultan Qaitbay. Toutefois, l\u2019Arch\u00e9ologie marine continue de retrouver des vestiges du phare antique. Consid\u00e9r\u00e9 dans l\u2019Antiquit\u00e9 comme l\u2019une des sept merveilles du monde, il fut \u00e9rig\u00e9 sur l\u2019\u00eele de Pharos par Soscrate de Cnide au IIIe si\u00e8cle avant J.-C. sous Ptol\u00e9m\u00e9e II Philadelphe. C\u2019\u00e9tait une tour \u00e0 plusieurs \u00e9tages (carr\u00e9, octogonal et circulaire) qui atteignait pr\u00e8s de 130 m\u00e8tres surmont\u00e9e d\u2019une statue. Un feu visible jusqu\u2019\u00e0 100 milles au large br\u00fblait \u00e0 son sommet. C\u2019est l\u2019anc\u00eatre de tous les phares modernes qui lui doivent son nom.<\/p>\n\n\n\n<p><strong>La visite du souk de khan El &#8211; khalil.<\/strong><\/p>\n\n\n\n<p>&#8211; D\u00e9jeuner dans un restaurant typique et retour au Caire<\/p>\n\n\n\n<h4 class=\"wp-block-heading\"><strong><em>Jour 6<\/em><\/strong> :<\/h4>\n\n\n\n<figure class=\"wp-block-gallery has-nested-images columns-default is-cropped wp-block-gallery-1 is-layout-flex wp-block-gallery-is-layout-flex\">\n<figure class=\"wp-block-image size-large\"><img loading=\"lazy\" decoding=\"async\" width=\"768\" height=\"1024\" data-id=\"839\" src=\"https:\/\/www.egypte-voyageoriginal.com\/wp-content\/uploads\/2024\/05\/IMG_1785-scaled-1-768x1024.jpeg\" alt=\"\" class=\"wp-image-839\" srcset=\"https:\/\/www.egypte-voyageoriginal.com\/wp-content\/uploads\/2024\/05\/IMG_1785-scaled-1-768x1024.jpeg 768w, https:\/\/www.egypte-voyageoriginal.com\/wp-content\/uploads\/2024\/05\/IMG_1785-scaled-1-225x300.jpeg 225w, https:\/\/www.egypte-voyageoriginal.com\/wp-content\/uploads\/2024\/05\/IMG_1785-scaled-1-1152x1536.jpeg 1152w, https:\/\/www.egypte-voyageoriginal.com\/wp-content\/uploads\/2024\/05\/IMG_1785-scaled-1-1536x2048.jpeg 1536w, https:\/\/www.egypte-voyageoriginal.com\/wp-content\/uploads\/2024\/05\/IMG_1785-scaled-1-1200x1600.jpeg 1200w, https:\/\/www.egypte-voyageoriginal.com\/wp-content\/uploads\/2024\/05\/IMG_1785-scaled-1.jpeg 1920w\" sizes=\"(max-width: 768px) 100vw, 768px\" \/><\/figure>\n\n\n\n<figure class=\"wp-block-image size-large\"><img loading=\"lazy\" decoding=\"async\" width=\"768\" height=\"1024\" data-id=\"731\" src=\"https:\/\/www.egypte-voyageoriginal.com\/wp-content\/uploads\/2024\/04\/FAY2.jpeg\" alt=\"\" class=\"wp-image-731\" srcset=\"https:\/\/www.egypte-voyageoriginal.com\/wp-content\/uploads\/2024\/04\/FAY2.jpeg 768w, https:\/\/www.egypte-voyageoriginal.com\/wp-content\/uploads\/2024\/04\/FAY2-225x300.jpeg 225w\" sizes=\"(max-width: 768px) 100vw, 768px\" \/><\/figure>\n\n\n\n<figure class=\"wp-block-image size-large\"><img loading=\"lazy\" decoding=\"async\" width=\"768\" height=\"1024\" data-id=\"732\" src=\"https:\/\/www.egypte-voyageoriginal.com\/wp-content\/uploads\/2024\/04\/FAY3.jpeg\" alt=\"\" class=\"wp-image-732\" srcset=\"https:\/\/www.egypte-voyageoriginal.com\/wp-content\/uploads\/2024\/04\/FAY3.jpeg 768w, https:\/\/www.egypte-voyageoriginal.com\/wp-content\/uploads\/2024\/04\/FAY3-225x300.jpeg 225w\" sizes=\"(max-width: 768px) 100vw, 768px\" \/><\/figure>\n<\/figure>\n\n\n\n<h5 class=\"wp-block-heading\"><strong>La visite de l\u2019oasis de Fayoum : La Vall\u00e9e des Baleines &#8211; le lac magique Wadi el-Rayan<\/strong><\/h5>\n\n\n\n<p><strong> <\/strong><\/p>\n\n\n\n<p>D\u00e9part le matin  pour la province de Fayoum<\/p>\n\n\n\n<p>D\u00e9jeuner et d\u00eener inclus<\/p>\n\n\n\n<p>Nuit en camp dans le d\u00e9sert du Fayoum<\/p>\n\n\n\n<h4 class=\"wp-block-heading\"><strong><em>Jour 7 :<\/em><\/strong><\/h4>\n\n\n\n<h5 class=\"wp-block-heading\"><strong> Les for\u00eats p\u00e9trifi\u00e9es &#8211; les montagnes color\u00e9es<\/strong>-le nord du lac &#8211; kasr Al-sagha &#8211; Doma al-Sibae<\/h5>\n\n\n\n<p>Petit d\u00e9jeuner<\/p>\n\n\n\n<p>D\u00e9part pour la visite de la For\u00eat p\u00e9trifi\u00e9e et les montagnes color\u00e9s &#8211; le nord du lac &#8211; kasr Al-sagha &#8211; Doma al-Sibae<\/p>\n\n\n\n<p>D\u00e9jeuner et retour au Caire<\/p>\n\n\n\n<h4 class=\"wp-block-heading\"><strong><em>Jour 8 :<\/em><\/strong><\/h4>\n\n\n\n<p><strong> D\u00e9part pour l\u2019a\u00e9roport.<\/strong><\/p>\n\n\n\n<p>Prise en charge et transfert \u00e0 l&rsquo;a\u00e9roport en voiture priv\u00e9e.<\/p>\n\n\n\n<p><strong>Tarif :&nbsp;&nbsp;&nbsp;&nbsp;&nbsp;&nbsp;&nbsp;&nbsp;&nbsp;&nbsp;&nbsp;&nbsp;&nbsp;&nbsp;&nbsp;&nbsp;&nbsp;&nbsp;&nbsp;&nbsp;&nbsp;&nbsp;&nbsp;&nbsp;&nbsp;&nbsp;&nbsp;&nbsp;&nbsp;&nbsp;&nbsp;&nbsp;&nbsp;&nbsp;&nbsp;&nbsp;&nbsp;&nbsp;&nbsp;&nbsp;&nbsp;&nbsp;&nbsp;&nbsp;&nbsp;&nbsp;&nbsp;&nbsp;&nbsp;&nbsp;&nbsp;<\/strong><\/p>\n\n\n\n<p>A partir de <em>xxxx<\/em> \u20ac par personne, base 2 \u00e0 4 personnes, tarif en fonction du nombre de personne.<\/p>\n\n\n\n<p><strong><mark style=\"background-color:rgba(0, 0, 0, 0)\" class=\"has-inline-color has-accent-color\"><a href=\"https:\/\/www.egypte-voyageoriginal.com\/wp-admin\/post.php?post=492&amp;action=edit\" title=\"\">Cette offre comprend :<\/a>&nbsp;<\/mark>&nbsp;&nbsp;&nbsp;&nbsp;&nbsp;&nbsp;&nbsp;&nbsp;&nbsp;&nbsp;&nbsp;&nbsp;&nbsp;&nbsp;&nbsp;&nbsp;&nbsp;&nbsp;&nbsp;&nbsp;&nbsp;&nbsp;&nbsp;&nbsp;&nbsp;&nbsp;&nbsp;&nbsp;&nbsp;&nbsp;&nbsp;&nbsp;&nbsp;&nbsp;&nbsp;<\/strong><\/p>\n\n\n\n<ul class=\"wp-block-list\">\n<li>Tout transfert et d\u00e9placement pendant les visites en v\u00e9hicule priv\u00e9 juste pour vous.<\/li>\n\n\n\n<li>Les tickets d\u2019entr\u00e9e aux sites pr\u00e9vus.<\/li>\n\n\n\n<li>Guide \u00e9gyptologue francophone.&nbsp;&nbsp;&nbsp;&nbsp;&nbsp;&nbsp;&nbsp;&nbsp;&nbsp;&nbsp;&nbsp;&nbsp;&nbsp;&nbsp;&nbsp;&nbsp;&nbsp;&nbsp;&nbsp;&nbsp;<\/li>\n\n\n\n<li>6 nuits dans un h\u00f4tel 3 \u00e9toiles, chambre double.&nbsp;&nbsp;&nbsp;&nbsp;&nbsp;&nbsp;&nbsp;&nbsp;&nbsp;&nbsp;&nbsp;&nbsp;&nbsp;&nbsp;&nbsp;&nbsp;&nbsp;&nbsp;&nbsp;&nbsp;&nbsp;&nbsp;&nbsp;&nbsp;&nbsp;&nbsp;&nbsp;&nbsp;<\/li>\n\n\n\n<li>Les&nbsp; d\u00e9jeuners.<\/li>\n\n\n\n<li>Toutes les charges de services.<\/li>\n\n\n\n<li>Les pourboires<\/li>\n<\/ul>\n\n\n\n<ul class=\"wp-block-list\">\n<li><a href=\"https:\/\/www.egypte-voyageoriginal.com\/wp-admin\/post.php?post=492&amp;action=edit\" title=\"\"><strong>Cette offre ne comprend pas<\/strong> :<\/a><\/li>\n\n\n\n<li> les billets d\u2019avion internationaux.<\/li>\n\n\n\n<li>les frais de visa.<\/li>\n\n\n\n<li>tout suppl\u00e9ment non-mentionn\u00e9s dans le programme.<\/li>\n<\/ul>\n\n\n\n<p><strong><mark style=\"background-color:rgba(0, 0, 0, 0)\" class=\"has-inline-color has-accent-color\">Remarque<\/mark><\/strong> : on respecte tous les d\u00e9tails du programme mais parfois on change l\u2019ordre des visites en \u00e9vitant les moments de trop forte affluence pour vous procurer la meilleure exp\u00e9rience de visite touristique.<\/p>\n","protected":false},"excerpt":{"rendered":"<p>&nbsp; &nbsp; &nbsp;Programme : Myk\u00e9rinos Le Caire, l\u2019Alexandrie et l\u2019oasis du Fayoum en 8 Jours \u201cDiff\u00e9rentes tonalit\u00e9s de l&rsquo;Egypte\u201d Si vous souhaitez visiter diff\u00e9rentes tonalit\u00e9s de l\u2019\u00c9gypte, le programme Myk\u00e9rinos vous conviendra parfaitement. Jour 1 : &nbsp;Accueil \u00e0 l\u2019a\u00e9roport et transfert \u00e0 l\u2019h\u00f4tel&nbsp; Jour 2 : Saqqarah &#8211; le s\u00e9rap\u00e9um de Saqqarah &#8211; Dahchour Petit [&hellip;]<\/p>\n","protected":false},"author":1,"featured_media":0,"parent":148,"menu_order":0,"comment_status":"closed","ping_status":"closed","template":"","meta":{"_sitemap_exclude":false,"_sitemap_priority":"","_sitemap_frequency":"","_joinchat":[],"footnotes":""},"class_list":["post-492","page","type-page","status-publish","hentry"],"aioseo_notices":[],"_links":{"self":[{"href":"https:\/\/www.egypte-voyageoriginal.com\/index.php\/wp-json\/wp\/v2\/pages\/492"}],"collection":[{"href":"https:\/\/www.egypte-voyageoriginal.com\/index.php\/wp-json\/wp\/v2\/pages"}],"about":[{"href":"https:\/\/www.egypte-voyageoriginal.com\/index.php\/wp-json\/wp\/v2\/types\/page"}],"author":[{"embeddable":true,"href":"https:\/\/www.egypte-voyageoriginal.com\/index.php\/wp-json\/wp\/v2\/users\/1"}],"replies":[{"embeddable":true,"href":"https:\/\/www.egypte-voyageoriginal.com\/index.php\/wp-json\/wp\/v2\/comments?post=492"}],"version-history":[{"count":26,"href":"https:\/\/www.egypte-voyageoriginal.com\/index.php\/wp-json\/wp\/v2\/pages\/492\/revisions"}],"predecessor-version":[{"id":896,"href":"https:\/\/www.egypte-voyageoriginal.com\/index.php\/wp-json\/wp\/v2\/pages\/492\/revisions\/896"}],"up":[{"embeddable":true,"href":"https:\/\/www.egypte-voyageoriginal.com\/index.php\/wp-json\/wp\/v2\/pages\/148"}],"wp:attachment":[{"href":"https:\/\/www.egypte-voyageoriginal.com\/index.php\/wp-json\/wp\/v2\/media?parent=492"}],"curies":[{"name":"wp","href":"https:\/\/api.w.org\/{rel}","templated":true}]}}