{"id":412,"date":"2024-02-26T19:28:58","date_gmt":"2024-02-26T18:28:58","guid":{"rendered":"https:\/\/www.egypte-voyageoriginal.com\/?page_id=412"},"modified":"2024-05-03T16:40:03","modified_gmt":"2024-05-03T14:40:03","slug":"programme-le-caire-en-7-jours-2","status":"publish","type":"page","link":"https:\/\/www.egypte-voyageoriginal.com\/index.php\/programmes-et-visites\/programme-le-caire-en-7-jours-2\/","title":{"rendered":"Le Caire en 7 Jours"},"content":{"rendered":"\n<h4 class=\"wp-block-heading has-accent-color has-text-color has-link-color wp-elements-9f17e2bc5c42a93ee5fddca994ddc228\" style=\"font-size:34px\">Programme : \u201cOm El-Donia \u201d                      \u201cLa m\u00e8re du monde\u201d<\/h4>\n\n\n\n<figure class=\"wp-block-image size-large\"><img loading=\"lazy\" decoding=\"async\" width=\"1024\" height=\"768\" src=\"https:\/\/www.egypte-voyageoriginal.com\/wp-content\/uploads\/2024\/05\/whats-16-1024x768.jpeg\" alt=\"\" class=\"wp-image-813\" srcset=\"https:\/\/www.egypte-voyageoriginal.com\/wp-content\/uploads\/2024\/05\/whats-16-1024x768.jpeg 1024w, https:\/\/www.egypte-voyageoriginal.com\/wp-content\/uploads\/2024\/05\/whats-16-300x225.jpeg 300w, https:\/\/www.egypte-voyageoriginal.com\/wp-content\/uploads\/2024\/05\/whats-16-768x576.jpeg 768w, https:\/\/www.egypte-voyageoriginal.com\/wp-content\/uploads\/2024\/05\/whats-16-1200x900.jpeg 1200w, https:\/\/www.egypte-voyageoriginal.com\/wp-content\/uploads\/2024\/05\/whats-16.jpeg 1280w\" sizes=\"(max-width: 1024px) 100vw, 1024px\" \/><\/figure>\n\n\n\n<p>Si vous souhaitez toucher et sentir Le Caire d\u2019une fa\u00e7on diff\u00e9rente et originale, loin des programmes traditionnels, le programme <strong>OM El-Donia<\/strong> est pour vous.<\/p>\n\n\n\n<h4 class=\"wp-block-heading\"><strong>Jour <\/strong>1<strong> :&nbsp;<\/strong><\/h4>\n\n\n\n<p class=\"has-normal-font-size\">Accueil \u00e0 l\u2019a\u00e9roport et transfert \u00e0 l\u2019h\u00f4tel&nbsp;<\/p>\n\n\n\n<h4 class=\"wp-block-heading\"><strong>Jour 2  :&nbsp;<\/strong><\/h4>\n\n\n\n<figure class=\"wp-block-image size-large\"><img loading=\"lazy\" decoding=\"async\" width=\"768\" height=\"1024\" src=\"https:\/\/www.egypte-voyageoriginal.com\/wp-content\/uploads\/2024\/02\/IMG_6019-2-768x1024.jpeg\" alt=\"Pyramide rhombo\u00efdale - Dahchour Le Caire Visite extraordinaire\" class=\"wp-image-101\" srcset=\"https:\/\/www.egypte-voyageoriginal.com\/wp-content\/uploads\/2024\/02\/IMG_6019-2-768x1024.jpeg 768w, https:\/\/www.egypte-voyageoriginal.com\/wp-content\/uploads\/2024\/02\/IMG_6019-2-225x300.jpeg 225w, https:\/\/www.egypte-voyageoriginal.com\/wp-content\/uploads\/2024\/02\/IMG_6019-2.jpeg 960w\" sizes=\"(max-width: 768px) 100vw, 768px\" \/><\/figure>\n\n\n\n<p class=\"has-larger-font-size\"><strong> Memphis &#8211; Saqqarah &#8211; Dahchour<\/strong><\/p>\n\n\n\n<p>Petit d\u00e9jeuner \u00e0 l\u2019h\u00f4tel&nbsp;<\/p>\n\n\n\n<p>D\u00e9part pour la visite des sites historiques suivants :<\/p>\n\n\n\n<p><strong>Memphis<\/strong> : le mus\u00e9e ouvert de Memphis avec son fameux colosse de Rams\u00e8s 2 couch\u00e9s au sol.<\/p>\n\n\n\n<p><strong>Dahchour<\/strong> : vous pouvez visiter l\u2019int\u00e9rieur des deux pyramides de notre grand pharaon Sn\u00e9frou \u00e0 Dahchour. La pyramide Rhombo\u00efdale et la pyramide rouge vous permettent de suivre l\u2019\u00e9volution chronologique de la construction des pyramides.<\/p>\n\n\n\n<p><strong>Saqqarah<\/strong> : on d\u00e9couvre la terre de dieu Sokar regroupant plein de tombes des pharaons et des nobles et le fameux complexe fun\u00e9raire de Djeser, fondateur de l\u2019ancien empire et la troisi\u00e8me dynastie.<\/p>\n\n\n\n<p>D\u00e9jeuner dans un restaurant typique traditionnel<\/p>\n\n\n\n<p>Retour \u00e0 l\u2019h\u00f4tel enfin d\u2019apr\u00e8s-midi.<\/p>\n\n\n\n<p class=\"has-larger-font-size\"><strong>Jour 3 :<\/strong> <\/p>\n\n\n\n<p class=\"has-larger-font-size\"><strong>Le plateau de Gizeh &#8211; le mus\u00e9e du Caire&nbsp;<\/strong><\/p>\n\n\n\n<figure class=\"wp-block-image size-full\"><img loading=\"lazy\" decoding=\"async\" width=\"1920\" height=\"2560\" src=\"https:\/\/www.egypte-voyageoriginal.com\/wp-content\/uploads\/2024\/05\/IMG_8152-scaled.jpg\" alt=\"\" class=\"wp-image-820\" srcset=\"https:\/\/www.egypte-voyageoriginal.com\/wp-content\/uploads\/2024\/05\/IMG_8152-scaled.jpg 1920w, https:\/\/www.egypte-voyageoriginal.com\/wp-content\/uploads\/2024\/05\/IMG_8152-225x300.jpg 225w, https:\/\/www.egypte-voyageoriginal.com\/wp-content\/uploads\/2024\/05\/IMG_8152-768x1024.jpg 768w, https:\/\/www.egypte-voyageoriginal.com\/wp-content\/uploads\/2024\/05\/IMG_8152-1152x1536.jpg 1152w, https:\/\/www.egypte-voyageoriginal.com\/wp-content\/uploads\/2024\/05\/IMG_8152-1536x2048.jpg 1536w, https:\/\/www.egypte-voyageoriginal.com\/wp-content\/uploads\/2024\/05\/IMG_8152-1200x1600.jpg 1200w, https:\/\/www.egypte-voyageoriginal.com\/wp-content\/uploads\/2024\/05\/IMG_8152-1980x2640.jpg 1980w\" sizes=\"(max-width: 1920px) 100vw, 1920px\" \/><\/figure>\n\n\n\n<p>D\u00e9jeuner \u00e0 l\u2019h\u00f4tel&nbsp;<\/p>\n\n\n\n<p>D\u00e9part t\u00f4t pour les visites historiques suivantes :<\/p>\n\n\n\n<p><strong>Le plateau de Gizeh <\/strong>: le site qui renferme les trois c\u00e9l\u00e8bres pyramides de Kh\u00e9ops , Khephren et Mykerinos ainsi que le sphinx \u00abAbou El-h\u00f4ll\u00bb en \u00e9gyptien&nbsp;<\/p>\n\n\n\n<p><strong>Mus\u00e9e \u00e9gyptien<\/strong> : avec ces 160.000 pi\u00e8ces, il a re\u00e7u plus de cent millions de visiteurs au xx si\u00e8cle. Le mus\u00e9e situ\u00e9 au c\u0153ur du Caire moderne face \u00e0 la place Tahrir. Visite guid\u00e9e et comment\u00e9e + une surprise<\/p>\n\n\n\n<p>D\u00e9jeuner tard&nbsp;<\/p>\n\n\n\n<p class=\"has-larger-font-size\"><strong>Jour 4 : <\/strong><\/p>\n\n\n\n<figure class=\"wp-block-gallery has-nested-images columns-default is-cropped wp-block-gallery-1 is-layout-flex wp-block-gallery-is-layout-flex\">\n<figure class=\"wp-block-image size-large\"><img loading=\"lazy\" decoding=\"async\" width=\"768\" height=\"1024\" data-id=\"824\" src=\"https:\/\/www.egypte-voyageoriginal.com\/wp-content\/uploads\/2024\/05\/whats-6-768x1024.jpeg\" alt=\"\" class=\"wp-image-824\" srcset=\"https:\/\/www.egypte-voyageoriginal.com\/wp-content\/uploads\/2024\/05\/whats-6-768x1024.jpeg 768w, https:\/\/www.egypte-voyageoriginal.com\/wp-content\/uploads\/2024\/05\/whats-6-225x300.jpeg 225w, https:\/\/www.egypte-voyageoriginal.com\/wp-content\/uploads\/2024\/05\/whats-6.jpeg 960w\" sizes=\"(max-width: 768px) 100vw, 768px\" \/><\/figure>\n\n\n\n<figure class=\"wp-block-image size-large\"><img loading=\"lazy\" decoding=\"async\" width=\"1024\" height=\"768\" data-id=\"823\" src=\"https:\/\/www.egypte-voyageoriginal.com\/wp-content\/uploads\/2024\/05\/WhatsApp-Image-2024-04-17-at-23.06.46_c6527196-1024x768.jpg\" alt=\"\" class=\"wp-image-823\" srcset=\"https:\/\/www.egypte-voyageoriginal.com\/wp-content\/uploads\/2024\/05\/WhatsApp-Image-2024-04-17-at-23.06.46_c6527196-1024x768.jpg 1024w, https:\/\/www.egypte-voyageoriginal.com\/wp-content\/uploads\/2024\/05\/WhatsApp-Image-2024-04-17-at-23.06.46_c6527196-300x225.jpg 300w, https:\/\/www.egypte-voyageoriginal.com\/wp-content\/uploads\/2024\/05\/WhatsApp-Image-2024-04-17-at-23.06.46_c6527196-768x576.jpg 768w, https:\/\/www.egypte-voyageoriginal.com\/wp-content\/uploads\/2024\/05\/WhatsApp-Image-2024-04-17-at-23.06.46_c6527196-1200x900.jpg 1200w, https:\/\/www.egypte-voyageoriginal.com\/wp-content\/uploads\/2024\/05\/WhatsApp-Image-2024-04-17-at-23.06.46_c6527196.jpg 1280w\" sizes=\"(max-width: 1024px) 100vw, 1024px\" \/><\/figure>\n<\/figure>\n\n\n\n<p class=\"has-larger-font-size\"><strong>Les mosqu\u00e9es &#8211; les maisons ottomanes&nbsp;<\/strong><\/p>\n\n\n\n<p>Petit d\u00e9jeuner \u00e0 l\u2019h\u00f4tel&nbsp;<\/p>\n\n\n\n<p>D\u00e9part pour la visite des sites historiques suivants :<\/p>\n\n\n\n<p><strong>Le complexe fun\u00e9raire du prince Khaier bec<\/strong> : le premier Pacha de l\u2019\u00e9poque ottomane 1517jc&nbsp;<\/p>\n\n\n\n<p>Le complexe est li\u00e9 au palais du prince Alin 1293 jc et qui est connu sous le nom du Palais de Khaier bec.<\/p>\n\n\n\n<p><strong>La mosqu\u00e9e bleue du Caire <\/strong>: \u00ab\u00a0Al-game Al-azrak \u00ab\u00a0a \u00e9t\u00e9 construite par le prince Aq-Sonqor Al-Nasiri, un des princes \u010fAl-Nasir Mohammed ibn Qalawan. La mosqu\u00e9e \u00e9tait ferm\u00e9e depuis 1992 en raison de dommages caus\u00e9s par un tremblement de terre jusqu\u2019\u00e0 2015. La r\u00e9novation de la mosqu\u00e9e bleue a commen\u00e7\u00e9 en 2009 par le Trust Aga Khan pour la culture (AKTC).<\/p>\n\n\n\n<p><strong>La mosqu\u00e9e et la madrassa<\/strong> \u010fumm Al-sultan Shaeban : c\u2019est un complexe de l\u2019\u00e9poque Mamlouk, a \u00e9t\u00e9 fond\u00e9 en 1368 sur l\u2019ordre de Sl-Ashrat Shaeban en l\u2019honneur de sa m\u00e8re, Khawand Baraka.&nbsp;<\/p>\n\n\n\n<p><strong>Le mus\u00e9e de Gayer Anderson<\/strong> : c\u2019est un mus\u00e9e qui se compose de deux maisons ottomanes li\u00e9es par un petit pont, vous d\u00e9couvrirez plein d\u2019\u00e9l\u00e9ments de la collection d\u2019un officier anglais arriv\u00e9 en \u00c9gypte \u00e0 1908.<\/p>\n\n\n\n<p>D\u00e9jeuner&nbsp;<\/p>\n\n\n\n<p><strong>La visite de parc \u010fAl-Azhar<\/strong>. C\u2019est le parc le plus r\u00e9cent au Caire. Ce Jardin \u00e9tait autrefois un terrain vague o\u00f9 \u00e9taient d\u00e9vers\u00e9s les ordures de la capitale. Financ\u00e9 par \u013eAga Khan, il a ouvert ses portes en Mars 2005.<\/p>\n\n\n\n<p class=\"has-larger-font-size\"><strong>Jours 5 :<\/strong><\/p>\n\n\n\n<figure class=\"wp-block-image size-large\"><img loading=\"lazy\" decoding=\"async\" width=\"1024\" height=\"768\" src=\"https:\/\/www.egypte-voyageoriginal.com\/wp-content\/uploads\/2024\/05\/IMG_8258-1024x768.jpg\" alt=\"\" class=\"wp-image-830\" srcset=\"https:\/\/www.egypte-voyageoriginal.com\/wp-content\/uploads\/2024\/05\/IMG_8258-1024x768.jpg 1024w, https:\/\/www.egypte-voyageoriginal.com\/wp-content\/uploads\/2024\/05\/IMG_8258-300x225.jpg 300w, https:\/\/www.egypte-voyageoriginal.com\/wp-content\/uploads\/2024\/05\/IMG_8258-768x576.jpg 768w, https:\/\/www.egypte-voyageoriginal.com\/wp-content\/uploads\/2024\/05\/IMG_8258-1536x1152.jpg 1536w, https:\/\/www.egypte-voyageoriginal.com\/wp-content\/uploads\/2024\/05\/IMG_8258-2048x1536.jpg 2048w, https:\/\/www.egypte-voyageoriginal.com\/wp-content\/uploads\/2024\/05\/IMG_8258-1200x900.jpg 1200w, https:\/\/www.egypte-voyageoriginal.com\/wp-content\/uploads\/2024\/05\/IMG_8258-1980x1485.jpg 1980w\" sizes=\"(max-width: 1024px) 100vw, 1024px\" \/><\/figure>\n\n\n\n<p class=\"has-larger-font-size\"><strong> le vieux Caire &#8211; le madrassa et la mosqu\u00e9e de sultan Hassan et la mosqu\u00e9e \u010f El-Rifaie<\/strong>&nbsp;<\/p>\n\n\n\n<p>Petit d\u00e9jeuner \u00e0 l\u2019h\u00f4tel&nbsp;<\/p>\n\n\n\n<p>D\u00e9part pour la visite des sites historiques suivants :<\/p>\n\n\n\n<p><strong>Le complexe religieux de sultan Hassan<\/strong> : ce complexe fut \u00e9difi\u00e9 \u00e0 partir de 1356 jc . Cet ensemble architectural associe puissance et splendeur, \u00e9l\u00e9gance et beaut\u00e9. Elle offre une grande vari\u00e9t\u00e9 de d\u00e9cors architecturaux sculpt\u00e9s dans la pierre et le marbre et se termine par une superbe corniche \u00e0 neuf rang\u00e9es de \u00ab\u00a0mouqarnassat\u00a0\u00bb miniature en nid&nbsp;&nbsp;\u010f abeille.<\/p>\n\n\n\n<p><strong>La mosqu\u00e9e \u010fAl &#8211; Rifaie ou la mosqu\u00e9e Royale<\/strong>&nbsp;: avec le style n\u00e9o-mamelouk, cette construction massive, aux murs ocre et aux minarets effil\u00e9s abrite les tombeaux des khedives et des Rois d\u2019\u00c9gypte, mais aussi celui du dernier Shah \u010fIran, r\u00e9fugi\u00e9 en \u00c9gypte apr\u00e8s le triomphe de la r\u00e9volution Islamique de 1979.<\/p>\n\n\n\n<p><strong>Le vieux Caire<\/strong> : un quartier concentr\u00e9 de monuments chr\u00e9tiens comme l\u2019\u00e9glise suspendue ou l\u2019\u00e9glise de la Sainte Vierge, l\u2019\u00e9glise la plus importante dans ce quartier, la premi\u00e8re \u00e9glise a \u00e9t\u00e9 construite au troisi\u00e8me si\u00e8cle tandis que l\u2019\u00e9glise actuelle a \u00e9t\u00e9 construite au 7\u00e8me si\u00e8cle.&nbsp;<\/p>\n\n\n\n<p><strong>L\u2019\u00e9glise Saint Serge et Saint Bacchus<\/strong> : deuxi\u00e8me \u00e9glise la plus importante, et o\u00f9 se situe une crypte dans laquelle la sainte famille a v\u00e9cu pendant trois mois. Une messe sp\u00e9ciale est c\u00e9l\u00e9br\u00e9e chaque ann\u00e9e le premier juillet pour comm\u00e9morer l\u2019arriv\u00e9e de la sainte famille.<\/p>\n\n\n\n<p><strong>L\u2019\u00e9glise grecque Saint Georges<\/strong> : Saint Georges y a \u00e9t\u00e9 emprisonn\u00e9e et martyris\u00e9e.<\/p>\n\n\n\n<p><strong>Le synagogue de Ben Ezra<\/strong> : c&rsquo;est le plus ancien lieu de culte juif au Caire . Le terrain a \u00e9t\u00e9 achet\u00e9 par le rabbin Ben Ezra de J\u00e9rusalem pour construire le synagogue et a \u00e9t\u00e9 nomm\u00e9 en son honneur.<\/p>\n\n\n\n<p>D\u00e9jeuner&nbsp;<\/p>\n\n\n\n<p class=\"has-larger-font-size\"><strong>Jour 6 :<\/strong><\/p>\n\n\n\n<figure class=\"wp-block-gallery has-nested-images columns-default is-cropped wp-block-gallery-2 is-layout-flex wp-block-gallery-is-layout-flex\">\n<figure class=\"wp-block-image size-large\"><img loading=\"lazy\" decoding=\"async\" width=\"768\" height=\"1024\" data-id=\"828\" src=\"https:\/\/www.egypte-voyageoriginal.com\/wp-content\/uploads\/2024\/05\/IMG_2417-1-768x1024.jpg\" alt=\"\" class=\"wp-image-828\" srcset=\"https:\/\/www.egypte-voyageoriginal.com\/wp-content\/uploads\/2024\/05\/IMG_2417-1-768x1024.jpg 768w, https:\/\/www.egypte-voyageoriginal.com\/wp-content\/uploads\/2024\/05\/IMG_2417-1-225x300.jpg 225w, https:\/\/www.egypte-voyageoriginal.com\/wp-content\/uploads\/2024\/05\/IMG_2417-1-1152x1536.jpg 1152w, https:\/\/www.egypte-voyageoriginal.com\/wp-content\/uploads\/2024\/05\/IMG_2417-1-1536x2048.jpg 1536w, https:\/\/www.egypte-voyageoriginal.com\/wp-content\/uploads\/2024\/05\/IMG_2417-1-scaled.jpg 1920w\" sizes=\"(max-width: 768px) 100vw, 768px\" \/><\/figure>\n\n\n\n<figure class=\"wp-block-image size-large\"><img loading=\"lazy\" decoding=\"async\" width=\"768\" height=\"1024\" data-id=\"826\" src=\"https:\/\/www.egypte-voyageoriginal.com\/wp-content\/uploads\/2024\/05\/whats-20-768x1024.jpeg\" alt=\"\" class=\"wp-image-826\" srcset=\"https:\/\/www.egypte-voyageoriginal.com\/wp-content\/uploads\/2024\/05\/whats-20-768x1024.jpeg 768w, https:\/\/www.egypte-voyageoriginal.com\/wp-content\/uploads\/2024\/05\/whats-20-225x300.jpeg 225w, https:\/\/www.egypte-voyageoriginal.com\/wp-content\/uploads\/2024\/05\/whats-20.jpeg 960w\" sizes=\"(max-width: 768px) 100vw, 768px\" \/><\/figure>\n<\/figure>\n\n\n\n<p class=\"has-larger-font-size\"><strong> Le mus\u00e9e national de la civilisation \u00e9gyptienne (NMEC) &#8211; Souk khan El- khalili &#8211; balade dans la rue du Moez<\/strong><\/p>\n\n\n\n<p>Petit d\u00e9jeuner \u00e0 l\u2019h\u00f4tel<\/p>\n\n\n\n<p>D\u00e9part pour la visite du mus\u00e9e dans l\u2019ancienne ville de Fostat, qui fait maintenant partie du Caire. Le mus\u00e9e pr\u00e9sente une collection de 50.000 objets pr\u00e9sentant la civilisation \u00e9gyptienne de la pr\u00e9histoire \u00e0 nos jours. \u00c0 l\u2019occasion de l\u2019inauguration du mus\u00e9e, vingt-deux momies ont \u00e9t\u00e9 transport\u00e9es de la place Tahrir au mus\u00e9e le 3 Avril 2021 lors de la parade dor\u00e9e des pharaons.<\/p>\n\n\n\n<p class=\"has-larger-font-size\"><strong>Jour 7 :<\/strong><\/p>\n\n\n\n<p class=\"has-normal-font-size\">&nbsp;D\u00e9part \u00e0 l\u2019a\u00e9roport.\u2028<\/p>\n\n\n\n<p><strong>Tarif :&nbsp;&nbsp;&nbsp;&nbsp;&nbsp;&nbsp;&nbsp;&nbsp;&nbsp;&nbsp;&nbsp;&nbsp;&nbsp;&nbsp;&nbsp;&nbsp;&nbsp;&nbsp;&nbsp;&nbsp;&nbsp;&nbsp;&nbsp;&nbsp;&nbsp;&nbsp;&nbsp;&nbsp;&nbsp;&nbsp;&nbsp;&nbsp;&nbsp;&nbsp;&nbsp;&nbsp;&nbsp;&nbsp;&nbsp;&nbsp;&nbsp;&nbsp;&nbsp;&nbsp;&nbsp;&nbsp;&nbsp;&nbsp;&nbsp;&nbsp;&nbsp;<\/strong><\/p>\n\n\n\n<ul class=\"wp-block-list\">\n<li>2 \u00e0 4 personnes&nbsp; xxx \u20ac par personne, tarif en fonction du nombre de personne.<\/li>\n<\/ul>\n\n\n\n<p><strong><a href=\"https:\/\/www.egypte-voyageoriginal.com\/wp-admin\/post.php?post=412&amp;action=edit\" title=\"\"><mark style=\"background-color:rgba(0, 0, 0, 0)\" class=\"has-inline-color has-accent-color\">Cette offre comprend :<\/mark><\/a><\/strong><\/p>\n\n\n\n<ul class=\"wp-block-list\">\n<li>Tout transfert et d\u00e9placement pendant les visites en v\u00e9hicule priv\u00e9 juste pour vous.<\/li>\n\n\n\n<li>Les tickets d\u2019entr\u00e9e aux sites pr\u00e9vus.<\/li>\n\n\n\n<li>Guide \u00e9gyptologue francophone.&nbsp;&nbsp;&nbsp;&nbsp;&nbsp;&nbsp;&nbsp;&nbsp;&nbsp;&nbsp;&nbsp;&nbsp;&nbsp;&nbsp;&nbsp;&nbsp;&nbsp;&nbsp;&nbsp;&nbsp;<\/li>\n\n\n\n<li>6 nuits dans un h\u00f4tel 4 \u00e9toiles, chambre double&nbsp;&nbsp;&nbsp;&nbsp;&nbsp;&nbsp;&nbsp;&nbsp;&nbsp;&nbsp;&nbsp;&nbsp;&nbsp;&nbsp;&nbsp;&nbsp;&nbsp;&nbsp;&nbsp;&nbsp;&nbsp;&nbsp;&nbsp;&nbsp;&nbsp;&nbsp;&nbsp;&nbsp;&nbsp;&nbsp;&nbsp;&nbsp;&nbsp;&nbsp;&nbsp;&nbsp;&nbsp;&nbsp;&nbsp;&nbsp;<\/li>\n\n\n\n<li>Les&nbsp; d\u00e9jeuners.<\/li>\n\n\n\n<li>Toutes les charges de services.<\/li>\n\n\n\n<li>Les pourboires<\/li>\n<\/ul>\n\n\n\n<ul class=\"wp-block-list\">\n<li><strong><mark style=\"background-color:rgba(0, 0, 0, 0)\" class=\"has-inline-color has-accent-color\"><a href=\"https:\/\/www.egypte-voyageoriginal.com\/wp-admin\/post.php?post=412&amp;action=edit\" title=\"\">Cette offre ne comprend pas :<\/a><\/mark><\/strong><\/li>\n\n\n\n<li>Les billets d\u2019avion internationaux, <\/li>\n\n\n\n<li>les frais de visa, <\/li>\n\n\n\n<li>tout suppl\u00e9ment non-mentionn\u00e9s dans le programme.<\/li>\n<\/ul>\n\n\n\n<p><mark style=\"background-color:rgba(0, 0, 0, 0)\" class=\"has-inline-color has-accent-color\"><strong>Remarque<\/strong><\/mark> : on respecte tous les d\u00e9tails du programme mais parfois on change l\u2019ordre des visites en \u00e9vitant les moments de trop forte affluence pour vous procurer la meilleure exp\u00e9rience de visite touristique.<\/p>\n","protected":false},"excerpt":{"rendered":"<p>Programme : \u201cOm El-Donia \u201d \u201cLa m\u00e8re du monde\u201d Si vous souhaitez toucher et sentir Le Caire d\u2019une fa\u00e7on diff\u00e9rente et originale, loin des programmes traditionnels, le programme OM El-Donia est pour vous. Jour 1 :&nbsp; Accueil \u00e0 l\u2019a\u00e9roport et transfert \u00e0 l\u2019h\u00f4tel&nbsp; Jour 2 :&nbsp; Memphis &#8211; Saqqarah &#8211; Dahchour Petit d\u00e9jeuner \u00e0 l\u2019h\u00f4tel&nbsp; [&hellip;]<\/p>\n","protected":false},"author":1,"featured_media":0,"parent":148,"menu_order":0,"comment_status":"closed","ping_status":"closed","template":"","meta":{"_sitemap_exclude":false,"_sitemap_priority":"","_sitemap_frequency":"","_joinchat":[],"footnotes":""},"class_list":["post-412","page","type-page","status-publish","hentry"],"aioseo_notices":[],"_links":{"self":[{"href":"https:\/\/www.egypte-voyageoriginal.com\/index.php\/wp-json\/wp\/v2\/pages\/412"}],"collection":[{"href":"https:\/\/www.egypte-voyageoriginal.com\/index.php\/wp-json\/wp\/v2\/pages"}],"about":[{"href":"https:\/\/www.egypte-voyageoriginal.com\/index.php\/wp-json\/wp\/v2\/types\/page"}],"author":[{"embeddable":true,"href":"https:\/\/www.egypte-voyageoriginal.com\/index.php\/wp-json\/wp\/v2\/users\/1"}],"replies":[{"embeddable":true,"href":"https:\/\/www.egypte-voyageoriginal.com\/index.php\/wp-json\/wp\/v2\/comments?post=412"}],"version-history":[{"count":21,"href":"https:\/\/www.egypte-voyageoriginal.com\/index.php\/wp-json\/wp\/v2\/pages\/412\/revisions"}],"predecessor-version":[{"id":831,"href":"https:\/\/www.egypte-voyageoriginal.com\/index.php\/wp-json\/wp\/v2\/pages\/412\/revisions\/831"}],"up":[{"embeddable":true,"href":"https:\/\/www.egypte-voyageoriginal.com\/index.php\/wp-json\/wp\/v2\/pages\/148"}],"wp:attachment":[{"href":"https:\/\/www.egypte-voyageoriginal.com\/index.php\/wp-json\/wp\/v2\/media?parent=412"}],"curies":[{"name":"wp","href":"https:\/\/api.w.org\/{rel}","templated":true}]}}