{"id":387,"date":"2024-02-25T20:04:21","date_gmt":"2024-02-25T19:04:21","guid":{"rendered":"https:\/\/www.egypte-voyageoriginal.com\/index.php\/colibri-wp\/"},"modified":"2024-05-03T15:47:25","modified_gmt":"2024-05-03T13:47:25","slug":"colibri-wp","status":"publish","type":"page","link":"https:\/\/www.egypte-voyageoriginal.com\/","title":{"rendered":"Plus qu&rsquo;un voyage en Egypte"},"content":{"rendered":"\n<h2 class=\"wp-block-heading\">Voil\u00e0 \u00e0 quoi vous attendre avec Egypte Voyage Original&#8230;. Votre aventure \u00e0 la carte, des souvenirs sur mesure !<\/h2>\n\n\n\n<h5 class=\"wp-block-heading\">En nous confiant vos r\u00eaves de s\u00e9jour, vous optez pour un voyage authentique, entre pass\u00e9 et pr\u00e9sent. Laissez-vous envo\u00fbter par l&rsquo;\u00e2me de l&rsquo;\u00c9gypte et vivez une exp\u00e9rience hors du commun.<\/h5>\n\n\n<div class=\"n2_clear\"><ss3-force-full-width data-overflow-x=\"body\" data-horizontal-selector=\"body\"><div class=\"n2-section-smartslider fitvidsignore  n2_clear\" data-ssid=\"2\"><div id=\"n2-ss-2-align\" class=\"n2-ss-align\"><div class=\"n2-padding\"><div id=\"n2-ss-2\" data-creator=\"Smart Slider 3\" data-responsive=\"fullwidth\" class=\"n2-ss-slider n2-ow n2-has-hover n2notransition  \">\n\n\n\n<div class=\"n2-ss-slider-wrapper-inside\">\n        <div class=\"n2-ss-slider-1 n2_ss__touch_element n2-ow\">\n            <div class=\"n2-ss-slider-2 n2-ow\">\n                                                    <div class=\"n2-ss-background-animation n2-ow\"><\/div>\n                                <div class=\"n2-ss-slider-3 n2-ow\">\n\n                    <div class=\"n2-ss-slide-backgrounds n2-ow-all\"><div class=\"n2-ss-slide-background\" data-public-id=\"1\" data-mode=\"fill\"><div class=\"n2-ss-slide-background-image\" data-blur=\"0\" data-opacity=\"100\" data-x=\"50\" data-y=\"50\" data-alt=\"\" data-title=\"\"><picture class=\"skip-lazy\" data-skip-lazy=\"1\"><img decoding=\"async\" src=\"\/\/www.egypte-voyageoriginal.com\/wp-content\/uploads\/2024\/04\/145-6.jpg\" alt=\"\" title=\"\" loading=\"lazy\" class=\"skip-lazy\" data-skip-lazy=\"1\"><\/picture><\/div><div data-color=\"RGBA(255,255,255,0)\" style=\"background-color: RGBA(255,255,255,0);\" class=\"n2-ss-slide-background-color\"><\/div><\/div><div class=\"n2-ss-slide-background\" data-public-id=\"2\" data-mode=\"fill\"><div class=\"n2-ss-slide-background-image\" data-blur=\"0\" data-opacity=\"100\" data-x=\"50\" data-y=\"50\" data-alt=\"\" data-title=\"\"><picture class=\"skip-lazy\" data-skip-lazy=\"1\"><img decoding=\"async\" src=\"\/\/www.egypte-voyageoriginal.com\/wp-content\/uploads\/2024\/04\/mak.jpeg\" alt=\"\" title=\"\" loading=\"lazy\" class=\"skip-lazy\" data-skip-lazy=\"1\"><\/picture><\/div><div data-color=\"RGBA(255,255,255,0)\" style=\"background-color: RGBA(255,255,255,0);\" class=\"n2-ss-slide-background-color\"><\/div><\/div><div class=\"n2-ss-slide-background\" data-public-id=\"3\" data-mode=\"fill\"><div class=\"n2-ss-slide-background-image\" data-blur=\"0\" data-opacity=\"100\" data-x=\"50\" data-y=\"50\" data-alt=\"\" data-title=\"\"><picture class=\"skip-lazy\" data-skip-lazy=\"1\"><img decoding=\"async\" src=\"\/\/www.egypte-voyageoriginal.com\/wp-content\/uploads\/2024\/04\/whats-27.jpeg\" alt=\"\" title=\"\" loading=\"lazy\" class=\"skip-lazy\" data-skip-lazy=\"1\"><\/picture><\/div><div data-color=\"RGBA(255,255,255,0)\" style=\"background-color: RGBA(255,255,255,0);\" class=\"n2-ss-slide-background-color\"><\/div><\/div><div class=\"n2-ss-slide-background\" data-public-id=\"4\" data-mode=\"fill\"><div class=\"n2-ss-slide-background-image\" data-blur=\"0\" data-opacity=\"100\" data-x=\"50\" data-y=\"50\" data-alt=\"\" data-title=\"\"><picture class=\"skip-lazy\" data-skip-lazy=\"1\"><img decoding=\"async\" src=\"\/\/www.egypte-voyageoriginal.com\/wp-content\/uploads\/2024\/04\/20231225_112225-scaled-1.jpg\" alt=\"\" title=\"\" loading=\"lazy\" class=\"skip-lazy\" data-skip-lazy=\"1\"><\/picture><\/div><div data-color=\"RGBA(255,255,255,0)\" style=\"background-color: RGBA(255,255,255,0);\" class=\"n2-ss-slide-background-color\"><\/div><\/div><div class=\"n2-ss-slide-background\" data-public-id=\"5\" data-mode=\"fill\"><div class=\"n2-ss-slide-background-image\" data-blur=\"0\" data-opacity=\"100\" data-x=\"50\" data-y=\"50\" data-alt=\"\" data-title=\"\"><picture class=\"skip-lazy\" data-skip-lazy=\"1\"><img decoding=\"async\" src=\"\/\/www.egypte-voyageoriginal.com\/wp-content\/uploads\/2024\/04\/Bibliotheca-Alexandrina-1-1024x568-2.webp\" alt=\"\" title=\"\" loading=\"lazy\" class=\"skip-lazy\" data-skip-lazy=\"1\"><\/picture><\/div><div data-color=\"RGBA(255,255,255,0)\" style=\"background-color: RGBA(255,255,255,0);\" class=\"n2-ss-slide-background-color\"><\/div><\/div><div class=\"n2-ss-slide-background\" data-public-id=\"6\" data-mode=\"fill\"><div class=\"n2-ss-slide-background-image\" data-blur=\"0\" data-opacity=\"100\" data-x=\"25\" data-y=\"25\" data-alt=\"\" data-title=\"\" style=\"--ss-o-pos-x:25%;--ss-o-pos-y:25%\"><picture class=\"skip-lazy\" data-skip-lazy=\"1\"><img decoding=\"async\" src=\"\/\/www.egypte-voyageoriginal.com\/wp-content\/uploads\/2024\/03\/Naglaa-Sphinx-Gizeh.png\" alt=\"\" title=\"\" loading=\"lazy\" class=\"skip-lazy\" data-skip-lazy=\"1\"><\/picture><\/div><div data-color=\"RGBA(255,255,255,0)\" style=\"background-color: RGBA(255,255,255,0);\" class=\"n2-ss-slide-background-color\"><\/div><\/div><div class=\"n2-ss-slide-background\" data-public-id=\"7\" data-mode=\"fill\"><div class=\"n2-ss-slide-background-image\" data-blur=\"0\" data-opacity=\"100\" data-x=\"50\" data-y=\"50\" data-alt=\"\" data-title=\"\"><picture class=\"skip-lazy\" data-skip-lazy=\"1\"><img decoding=\"async\" src=\"\/\/www.egypte-voyageoriginal.com\/wp-content\/uploads\/2024\/04\/b1534407875f02c988af8508b549c705.jpg\" alt=\"\" title=\"\" loading=\"lazy\" class=\"skip-lazy\" data-skip-lazy=\"1\"><\/picture><\/div><div data-color=\"RGBA(255,255,255,0)\" style=\"background-color: RGBA(255,255,255,0);\" class=\"n2-ss-slide-background-color\"><\/div><\/div><div class=\"n2-ss-slide-background\" data-public-id=\"8\" data-mode=\"fill\"><div class=\"n2-ss-slide-background-image\" data-blur=\"0\" data-opacity=\"100\" data-x=\"85\" data-y=\"100\" data-alt=\"\" data-title=\"\" style=\"--ss-o-pos-x:85%;--ss-o-pos-y:100%\"><picture class=\"skip-lazy\" data-skip-lazy=\"1\"><img decoding=\"async\" src=\"\/\/www.egypte-voyageoriginal.com\/wp-content\/uploads\/2024\/05\/whats-11.jpeg\" alt=\"\" title=\"\" loading=\"lazy\" class=\"skip-lazy\" data-skip-lazy=\"1\"><\/picture><\/div><div data-color=\"RGBA(255,255,255,0)\" style=\"background-color: RGBA(255,255,255,0);\" class=\"n2-ss-slide-background-color\"><\/div><\/div><div class=\"n2-ss-slide-background\" data-public-id=\"9\" data-mode=\"fill\"><div class=\"n2-ss-slide-background-image\" data-blur=\"0\" data-opacity=\"100\" data-x=\"50\" data-y=\"50\" data-alt=\"\" data-title=\"\"><picture class=\"skip-lazy\" data-skip-lazy=\"1\"><img decoding=\"async\" src=\"\/\/www.egypte-voyageoriginal.com\/wp-content\/uploads\/2024\/04\/whats-26.jpeg\" alt=\"\" title=\"\" loading=\"lazy\" class=\"skip-lazy\" data-skip-lazy=\"1\"><\/picture><\/div><div data-color=\"RGBA(255,255,255,0)\" style=\"background-color: RGBA(255,255,255,0);\" class=\"n2-ss-slide-background-color\"><\/div><\/div><div class=\"n2-ss-slide-background\" data-public-id=\"10\" data-mode=\"fill\"><div class=\"n2-ss-slide-background-image\" data-blur=\"0\" data-opacity=\"100\" data-x=\"50\" data-y=\"50\" data-alt=\"\" data-title=\"\"><picture class=\"skip-lazy\" data-skip-lazy=\"1\"><img decoding=\"async\" src=\"\/\/www.egypte-voyageoriginal.com\/wp-content\/uploads\/2024\/05\/whats-14.jpeg\" alt=\"\" title=\"\" loading=\"lazy\" class=\"skip-lazy\" data-skip-lazy=\"1\"><\/picture><\/div><div data-color=\"RGBA(255,255,255,0)\" style=\"background-color: RGBA(255,255,255,0);\" class=\"n2-ss-slide-background-color\"><\/div><\/div><div class=\"n2-ss-slide-background\" data-public-id=\"11\" data-mode=\"fill\"><div class=\"n2-ss-slide-background-image\" data-blur=\"0\" data-opacity=\"100\" data-x=\"50\" data-y=\"50\" data-alt=\"\" data-title=\"\"><picture class=\"skip-lazy\" data-skip-lazy=\"1\"><img decoding=\"async\" src=\"\/\/www.egypte-voyageoriginal.com\/wp-content\/uploads\/2024\/05\/whats-28.jpeg\" alt=\"\" title=\"\" loading=\"lazy\" class=\"skip-lazy\" data-skip-lazy=\"1\"><\/picture><\/div><div data-color=\"RGBA(255,255,255,0)\" style=\"background-color: RGBA(255,255,255,0);\" class=\"n2-ss-slide-background-color\"><\/div><\/div><div class=\"n2-ss-slide-background\" data-public-id=\"12\" data-mode=\"fill\"><div class=\"n2-ss-slide-background-image\" data-blur=\"0\" data-opacity=\"100\" data-x=\"50\" data-y=\"50\" data-alt=\"\" data-title=\"\"><picture class=\"skip-lazy\" data-skip-lazy=\"1\"><img decoding=\"async\" src=\"\/\/www.egypte-voyageoriginal.com\/wp-content\/uploads\/2024\/04\/whats-16.jpeg\" alt=\"\" title=\"\" loading=\"lazy\" class=\"skip-lazy\" data-skip-lazy=\"1\"><\/picture><\/div><div data-color=\"RGBA(255,255,255,0)\" style=\"background-color: RGBA(255,255,255,0);\" class=\"n2-ss-slide-background-color\"><\/div><\/div><div class=\"n2-ss-slide-background\" data-public-id=\"13\" data-mode=\"fill\"><div class=\"n2-ss-slide-background-image\" data-blur=\"0\" data-opacity=\"100\" data-x=\"50\" data-y=\"50\" data-alt=\"\" data-title=\"\"><picture class=\"skip-lazy\" data-skip-lazy=\"1\"><img decoding=\"async\" src=\"\/\/www.egypte-voyageoriginal.com\/wp-content\/uploads\/2024\/04\/whats-9.jpeg\" alt=\"\" title=\"\" loading=\"lazy\" class=\"skip-lazy\" data-skip-lazy=\"1\"><\/picture><\/div><div data-color=\"RGBA(255,255,255,0)\" style=\"background-color: RGBA(255,255,255,0);\" class=\"n2-ss-slide-background-color\"><\/div><\/div><div class=\"n2-ss-slide-background\" data-public-id=\"14\" data-mode=\"fill\"><div class=\"n2-ss-slide-background-image\" data-blur=\"0\" data-opacity=\"100\" data-x=\"50\" data-y=\"50\" data-alt=\"Voyage au coeur de l'Egypte pyramides keops circuit sur mesure\" data-title=\"\"><picture class=\"skip-lazy\" data-skip-lazy=\"1\"><img decoding=\"async\" src=\"\/\/www.egypte-voyageoriginal.com\/wp-content\/uploads\/2024\/02\/Pyramides-egypte-Gizeh-scaled.jpeg\" alt=\"Voyage au coeur de l'Egypte pyramides keops circuit sur mesure\" title=\"\" loading=\"lazy\" class=\"skip-lazy\" data-skip-lazy=\"1\"><\/picture><\/div><div data-color=\"RGBA(255,255,255,0)\" style=\"background-color: RGBA(255,255,255,0);\" class=\"n2-ss-slide-background-color\"><\/div><\/div><div class=\"n2-ss-slide-background\" data-public-id=\"15\" data-mode=\"fill\"><div class=\"n2-ss-slide-background-image\" data-blur=\"0\" data-opacity=\"100\" data-x=\"50\" data-y=\"50\" data-alt=\"\" data-title=\"\"><picture class=\"skip-lazy\" data-skip-lazy=\"1\"><img decoding=\"async\" src=\"\/\/www.egypte-voyageoriginal.com\/wp-content\/uploads\/2024\/05\/2in1.jpg\" alt=\"\" title=\"\" loading=\"lazy\" class=\"skip-lazy\" data-skip-lazy=\"1\"><\/picture><\/div><div data-color=\"RGBA(255,255,255,0)\" style=\"background-color: RGBA(255,255,255,0);\" class=\"n2-ss-slide-background-color\"><\/div><\/div><div class=\"n2-ss-slide-background\" data-public-id=\"16\" data-mode=\"fill\"><div class=\"n2-ss-slide-background-image\" data-blur=\"0\" data-opacity=\"100\" data-x=\"50\" data-y=\"50\" data-alt=\"\" data-title=\"\"><picture class=\"skip-lazy\" data-skip-lazy=\"1\"><img decoding=\"async\" src=\"\/\/www.egypte-voyageoriginal.com\/wp-content\/uploads\/2024\/04\/Ben_1er-petit-dej.png\" alt=\"\" title=\"\" loading=\"lazy\" class=\"skip-lazy\" data-skip-lazy=\"1\"><\/picture><\/div><div data-color=\"RGBA(255,255,255,0)\" style=\"background-color: RGBA(255,255,255,0);\" class=\"n2-ss-slide-background-color\"><\/div><\/div><div class=\"n2-ss-slide-background\" data-public-id=\"17\" data-mode=\"fill\"><div class=\"n2-ss-slide-background-image\" data-blur=\"0\" data-opacity=\"100\" data-x=\"50\" data-y=\"50\" data-alt=\"Vall\u00e9es des rois tombeau visite intimiste\" data-title=\"\"><picture class=\"skip-lazy\" data-skip-lazy=\"1\"><img decoding=\"async\" src=\"\/\/www.egypte-voyageoriginal.com\/wp-content\/uploads\/2024\/02\/IMG_6450-1-2.jpeg\" alt=\"Vall\u00e9es des rois tombeau visite intimiste\" title=\"\" loading=\"lazy\" class=\"skip-lazy\" data-skip-lazy=\"1\"><\/picture><\/div><div data-color=\"RGBA(255,255,255,0)\" style=\"background-color: RGBA(255,255,255,0);\" class=\"n2-ss-slide-background-color\"><\/div><\/div><\/div>                    <div class=\"n2-ss-slider-4 n2-ow\">\n                        <svg xmlns=\"http:\/\/www.w3.org\/2000\/svg\" viewBox=\"0 0 1200 600\" data-related-device=\"desktopPortrait\" class=\"n2-ow n2-ss-preserve-size n2-ss-preserve-size--slider n2-ss-slide-limiter\"><\/svg><div data-first=\"1\" data-slide-duration=\"0\" data-id=\"9\" data-slide-public-id=\"1\" data-title=\"145-6\" class=\"n2-ss-slide n2-ow  n2-ss-slide-9\"><div role=\"note\" class=\"n2-ss-slide--focus\" tabindex=\"-1\">145-6<\/div><div class=\"n2-ss-layers-container n2-ss-slide-limiter n2-ow\"><div class=\"n2-ss-layer n2-ow n-uc-mQ4pJ2bMVn28\" data-sstype=\"slide\" data-pm=\"default\"><\/div><\/div><\/div><div data-slide-duration=\"0\" data-id=\"3\" data-slide-public-id=\"2\" data-title=\"mak\" class=\"n2-ss-slide n2-ow  n2-ss-slide-3\"><div role=\"note\" class=\"n2-ss-slide--focus\" tabindex=\"-1\">mak<\/div><div class=\"n2-ss-layers-container n2-ss-slide-limiter n2-ow\"><div class=\"n2-ss-layer n2-ow n-uc-bubJ9YbW6GK1\" data-sstype=\"slide\" data-pm=\"default\"><\/div><\/div><\/div><div data-slide-duration=\"0\" data-id=\"8\" data-slide-public-id=\"3\" data-title=\"whats (27)\" class=\"n2-ss-slide n2-ow  n2-ss-slide-8\"><div role=\"note\" class=\"n2-ss-slide--focus\" tabindex=\"-1\">whats (27)<\/div><div class=\"n2-ss-layers-container n2-ss-slide-limiter n2-ow\"><div class=\"n2-ss-layer n2-ow n-uc-BGnGNApWIxAi\" data-sstype=\"slide\" data-pm=\"default\"><\/div><\/div><\/div><div data-slide-duration=\"0\" data-id=\"11\" data-slide-public-id=\"4\" data-title=\"20231225_112225-scaled-1\" class=\"n2-ss-slide n2-ow  n2-ss-slide-11\"><div role=\"note\" class=\"n2-ss-slide--focus\" tabindex=\"-1\">20231225_112225-scaled-1<\/div><div class=\"n2-ss-layers-container n2-ss-slide-limiter n2-ow\"><div class=\"n2-ss-layer n2-ow n-uc-CN66EnGRK7ga\" data-sstype=\"slide\" data-pm=\"default\"><\/div><\/div><\/div><div data-slide-duration=\"0\" data-id=\"12\" data-slide-public-id=\"5\" data-title=\"Bibliotheca-Alexandrina-1-1024x568-2\" class=\"n2-ss-slide n2-ow  n2-ss-slide-12\"><div role=\"note\" class=\"n2-ss-slide--focus\" tabindex=\"-1\">Bibliotheca-Alexandrina-1-1024&#215;568-2<\/div><div class=\"n2-ss-layers-container n2-ss-slide-limiter n2-ow\"><div class=\"n2-ss-layer n2-ow n-uc-NK2a9RqMl1bP\" data-sstype=\"slide\" data-pm=\"default\"><\/div><\/div><\/div><div data-slide-duration=\"0\" data-id=\"13\" data-slide-public-id=\"6\" data-title=\"Naglaa Sphinx Gizeh\" class=\"n2-ss-slide n2-ow  n2-ss-slide-13\"><div role=\"note\" class=\"n2-ss-slide--focus\" tabindex=\"-1\">Naglaa Sphinx Gizeh<\/div><div class=\"n2-ss-layers-container n2-ss-slide-limiter n2-ow\"><div class=\"n2-ss-layer n2-ow n-uc-soyDIydGPJ10\" data-sstype=\"slide\" data-pm=\"default\"><\/div><\/div><\/div><div data-slide-duration=\"0\" data-id=\"14\" data-slide-public-id=\"7\" data-title=\"b1534407875f02c988af8508b549c705\" class=\"n2-ss-slide n2-ow  n2-ss-slide-14\"><div role=\"note\" class=\"n2-ss-slide--focus\" tabindex=\"-1\">b1534407875f02c988af8508b549c705<\/div><div class=\"n2-ss-layers-container n2-ss-slide-limiter n2-ow\"><div class=\"n2-ss-layer n2-ow n-uc-PmCyyExzxYa5\" data-sstype=\"slide\" data-pm=\"default\"><\/div><\/div><\/div><div data-slide-duration=\"0\" data-id=\"16\" data-slide-public-id=\"8\" data-title=\"whats (11)\" class=\"n2-ss-slide n2-ow  n2-ss-slide-16\"><div role=\"note\" class=\"n2-ss-slide--focus\" tabindex=\"-1\">whats (11)<\/div><div class=\"n2-ss-layers-container n2-ss-slide-limiter n2-ow\"><div class=\"n2-ss-layer n2-ow n-uc-szbHBgtrmTXl\" data-sstype=\"slide\" data-pm=\"default\"><\/div><\/div><\/div><div data-slide-duration=\"0\" data-id=\"17\" data-slide-public-id=\"9\" data-title=\"whats (26)\" class=\"n2-ss-slide n2-ow  n2-ss-slide-17\"><div role=\"note\" class=\"n2-ss-slide--focus\" tabindex=\"-1\">whats (26)<\/div><div class=\"n2-ss-layers-container n2-ss-slide-limiter n2-ow\"><div class=\"n2-ss-layer n2-ow n-uc-hBpve3OPGX0u\" data-sstype=\"slide\" data-pm=\"default\"><\/div><\/div><\/div><div data-slide-duration=\"0\" data-id=\"19\" data-slide-public-id=\"10\" data-title=\"whats (14)\" class=\"n2-ss-slide n2-ow  n2-ss-slide-19\"><div role=\"note\" class=\"n2-ss-slide--focus\" tabindex=\"-1\">whats (14)<\/div><div class=\"n2-ss-layers-container n2-ss-slide-limiter n2-ow\"><div class=\"n2-ss-layer n2-ow n-uc-rE0T6mBgu1rD\" data-sstype=\"slide\" data-pm=\"default\"><\/div><\/div><\/div><div data-slide-duration=\"0\" data-id=\"20\" data-slide-public-id=\"11\" data-title=\"whats (28)\" class=\"n2-ss-slide n2-ow  n2-ss-slide-20\"><div role=\"note\" class=\"n2-ss-slide--focus\" tabindex=\"-1\">whats (28)<\/div><div class=\"n2-ss-layers-container n2-ss-slide-limiter n2-ow\"><div class=\"n2-ss-layer n2-ow n-uc-uN60kHBgTtMx\" data-sstype=\"slide\" data-pm=\"default\"><\/div><\/div><\/div><div data-slide-duration=\"0\" data-id=\"22\" data-slide-public-id=\"12\" data-title=\"whats (16)\" class=\"n2-ss-slide n2-ow  n2-ss-slide-22\"><div role=\"note\" class=\"n2-ss-slide--focus\" tabindex=\"-1\">whats (16)<\/div><div class=\"n2-ss-layers-container n2-ss-slide-limiter n2-ow\"><div class=\"n2-ss-layer n2-ow n-uc-PmiNjfMntVFr\" data-sstype=\"slide\" data-pm=\"default\"><\/div><\/div><\/div><div data-slide-duration=\"0\" data-id=\"23\" data-slide-public-id=\"13\" data-title=\"whats (9)\" class=\"n2-ss-slide n2-ow  n2-ss-slide-23\"><div role=\"note\" class=\"n2-ss-slide--focus\" tabindex=\"-1\">whats (9)<\/div><div class=\"n2-ss-layers-container n2-ss-slide-limiter n2-ow\"><div class=\"n2-ss-layer n2-ow n-uc-FtwK5taS2ONC\" data-sstype=\"slide\" data-pm=\"default\"><\/div><\/div><\/div><div data-slide-duration=\"0\" data-id=\"25\" data-slide-public-id=\"14\" data-title=\"Pyramides-egypte-Le Caire\" class=\"n2-ss-slide n2-ow  n2-ss-slide-25\"><div role=\"note\" class=\"n2-ss-slide--focus\" tabindex=\"-1\">Pyramides-egypte-Le Caire<\/div><div class=\"n2-ss-layers-container n2-ss-slide-limiter n2-ow\"><div class=\"n2-ss-layer n2-ow n-uc-l6r9OsmP78Kk\" data-sstype=\"slide\" data-pm=\"default\"><\/div><\/div><\/div><div data-slide-duration=\"0\" data-id=\"26\" data-slide-public-id=\"15\" data-title=\"2in1\" class=\"n2-ss-slide n2-ow  n2-ss-slide-26\"><div role=\"note\" class=\"n2-ss-slide--focus\" tabindex=\"-1\">2in1<\/div><div class=\"n2-ss-layers-container n2-ss-slide-limiter n2-ow\"><div class=\"n2-ss-layer n2-ow n-uc-I865bR7TNZH1\" data-sstype=\"slide\" data-pm=\"default\"><\/div><\/div><\/div><div data-slide-duration=\"0\" data-id=\"27\" data-slide-public-id=\"16\" data-title=\"Ben_1er-petit-dej\" class=\"n2-ss-slide n2-ow  n2-ss-slide-27\"><div role=\"note\" class=\"n2-ss-slide--focus\" tabindex=\"-1\">Ben_1er-petit-dej<\/div><div class=\"n2-ss-layers-container n2-ss-slide-limiter n2-ow\"><div class=\"n2-ss-layer n2-ow n-uc-n4TtD9O9v4FC\" data-sstype=\"slide\" data-pm=\"default\"><\/div><\/div><\/div><div data-slide-duration=\"0\" data-id=\"28\" data-slide-public-id=\"17\" data-title=\"Vall\u00e9es des rois tombeau visite intimiste\" class=\"n2-ss-slide n2-ow  n2-ss-slide-28\"><div role=\"note\" class=\"n2-ss-slide--focus\" tabindex=\"-1\">Vall\u00e9es des rois tombeau visite intimiste<\/div><div class=\"n2-ss-layers-container n2-ss-slide-limiter n2-ow\"><div class=\"n2-ss-layer n2-ow n-uc-5Jof4Q9gbtlt\" data-sstype=\"slide\" data-pm=\"default\"><\/div><\/div><\/div>                    <\/div>\n\n                                    <\/div>\n            <\/div>\n        <\/div>\n        <div class=\"n2-ss-slider-controls n2-ss-slider-controls-absolute-left-center\"><div style=\"--widget-offset:15px;\" class=\"n2-ss-widget n2-style-107cb0e4b96e295f0c4852cfc0854d07-heading nextend-arrow n2-ow-all nextend-arrow-previous  nextend-arrow-animated-fade\" data-hide-mobileportrait=\"1\" id=\"n2-ss-2-arrow-previous\" role=\"button\" aria-label=\"previous arrow\" tabindex=\"0\"><img loading=\"lazy\" decoding=\"async\" width=\"32\" height=\"32\" class=\"skip-lazy\" data-skip-lazy=\"1\" src=\"data:image\/svg+xml;base64,PHN2ZyB4bWxucz0iaHR0cDovL3d3dy53My5vcmcvMjAwMC9zdmciIHdpZHRoPSIzMiIgaGVpZ2h0PSIzMiIgdmlld0JveD0iMCAwIDMyIDMyIj4KICAgIDxwYXRoIGZpbGw9IiNmZmZmZmYiIG9wYWNpdHk9IjAuOCIgZmlsbC1ydWxlPSJldmVub2RkIgogICAgICAgICAgZD0iTTE4Ljk5NTggOC45OTA3YzAtLjQyNC0uMjA0LS43MjMtLjYxLS44OTgtLjQwOS0uMTczLS43NzItLjEwNC0xLjA5My4yMDlsLTcuMDA2IDYuOTc1Yy0uMjAxLjE5OS0uMjk3LjQzNy0uMjg2LjcxNiAwIC4yNjcuMDk2LjQ5OC4yODYuNjg5bDcuMDA2IDcuMDAxYy4zMjEuMzIxLjY4NC4zODkgMS4wOTMuMjA5LjQwNi0uMTc0LjYxLS40ODIuNjEtLjkyMlY4Ljk5MDd6Ii8+Cjwvc3ZnPg==\" alt=\"previous arrow\"><\/div><\/div><div class=\"n2-ss-slider-controls n2-ss-slider-controls-absolute-right-center\"><div style=\"--widget-offset:15px;\" class=\"n2-ss-widget n2-style-107cb0e4b96e295f0c4852cfc0854d07-heading nextend-arrow n2-ow-all nextend-arrow-next  nextend-arrow-animated-fade\" data-hide-mobileportrait=\"1\" id=\"n2-ss-2-arrow-next\" role=\"button\" aria-label=\"next arrow\" tabindex=\"0\"><img loading=\"lazy\" decoding=\"async\" width=\"32\" height=\"32\" class=\"skip-lazy\" data-skip-lazy=\"1\" src=\"data:image\/svg+xml;base64,PHN2ZyB3aWR0aD0iMzIiIGhlaWdodD0iMzIiIHZpZXdCb3g9IjAgMCAzMiAzMiIgeG1sbnM9Imh0dHA6Ly93d3cudzMub3JnLzIwMDAvc3ZnIj4KICAgIDxwYXRoIGQ9Ik0xMiA4Ljk5YzAtLjQyMy4yMDQtLjcyMi42MS0uODk3LjQwOC0uMTczLjc3Mi0uMTA0IDEuMDkyLjIxbDcuMDA2IDYuOTc0Yy4yMDIuMi4yOTguNDM3LjI4Ny43MTYgMCAuMjY3LS4wOTYuNDk4LS4yODcuNjlsLTcuMDA2IDdjLS4zMi4zMi0uNjg0LjM5LTEuMDkyLjIxLS40MDYtLjE3NS0uNjEtLjQ4My0uNjEtLjkyM1Y4Ljk5eiIKICAgICAgICAgIGZpbGw9IiNmZmZmZmYiIG9wYWNpdHk9IjAuOCIgZmlsbC1ydWxlPSJldmVub2RkIi8+Cjwvc3ZnPg==\" alt=\"next arrow\"><\/div><\/div><\/div><\/div><ss3-loader><\/ss3-loader><\/div><\/div><div class=\"n2_clear\"><\/div><\/div><\/ss3-force-full-width><\/div>\n\n\n<h3 class=\"wp-block-heading has-large-font-size\">D\u00e9couvrez l&rsquo;\u00c9gypte \u00e0 votre fa\u00e7on avec Egypte Voyage Original<\/h3>\n\n\n\n<p>Bienvenue chez Egypte Voyage Original, votre passerelle vers <strong>une exp\u00e9rience unique et personnalis\u00e9e au c\u0153ur de l&rsquo;\u00c9gypte antique et contemporaine<\/strong>. Nous sommes bien plus qu&rsquo;une agence de voyage, nous sommes les architectes de vos r\u00eaves d&rsquo;\u00e9vasion.<\/p>\n\n\n\n<h5 class=\"wp-block-heading\"><strong>Circuits exclusifs<\/strong> : <\/h5>\n\n\n\n<p>Explorez les tr\u00e9sors cach\u00e9s de l&rsquo;\u00c9gypte \u00e0 travers nos circuits exclusifs soigneusement con\u00e7us. Des pyramides majestueuses de Gizeh aux temples sacr\u00e9s de Louxor, chaque itin\u00e9raire est une plong\u00e9e immersive dans l&rsquo;histoire et la culture \u00e9gyptiennes. Gr\u00e2ce \u00e0 nos guides locaux passionn\u00e9s vous d\u00e9voileront les secrets de chaque site, transformant votre voyage en une aventure enrichissante.<\/p>\n\n\n\n<h5 class=\"wp-block-heading\"><strong>Voyages sur mesure<\/strong> : <\/h5>\n\n\n\n<p>Votre vision d&rsquo;un voyage parfait devient r\u00e9alit\u00e9 avec nos voyages sur mesure. Que vous r\u00eaviez d&rsquo;une croisi\u00e8re sur le Nil, d&rsquo;une exploration des oasis \u00e9nigmatiques ou d&rsquo;une escapade authentique dans les ruelles color\u00e9es du Caire, nous personnalisons chaque d\u00e9tail pour cr\u00e9er une exp\u00e9rience qui vous ressemble.<\/p>\n\n\n\n<h5 class=\"wp-block-heading\"><strong>S\u00e9jours \u00e0 La Carte<\/strong> : <\/h5>\n\n\n\n<p>Libert\u00e9, flexibilit\u00e9, et choix illimit\u00e9 d\u00e9finissent nos s\u00e9jours \u00e0 la carte. Choisissez vos destinations, s\u00e9lectionnez vos activit\u00e9s, et personnalisez votre itin\u00e9raire \u00e0 votre rythme. Que vous pr\u00e9f\u00e9riez vous immerger dans la vie locale, vous d\u00e9tendre sur les plages de la mer Rouge ou partir \u00e0 l&rsquo;aventure dans le d\u00e9sert, nous faisons de vos envies une r\u00e9alit\u00e9.<\/p>\n\n\n\n<h3 class=\"wp-block-heading has-large-font-size\"><strong>Pourquoi Choisir Egypte Voyage Original ?<\/strong><\/h3>\n\n\n\n<ol class=\"wp-block-list\">\n<li><strong>Expertise Locale<\/strong>&nbsp;: Nos experts locaux connaissent chaque recoin de l\u2019\u00c9gypte, garantissant une immersion authentique.<\/li>\n\n\n\n<li><strong>Service Personnalis\u00e9<\/strong>&nbsp;: Du premier contact \u00e0 votre retour, b\u00e9n\u00e9ficiez d\u2019un service attentif et personnalis\u00e9.<\/li>\n\n\n\n<li><strong>H\u00e9bergements d\u2019Exception<\/strong>&nbsp;: Profitez de s\u00e9jours dans des h\u00e9bergements soigneusement s\u00e9lectionn\u00e9s, alliant confort et authenticit\u00e9.<\/li>\n\n\n\n<li><strong>Options de Transport Flexibles<\/strong>&nbsp;: Voyagez \u00e0 votre rythme avec des options de transport adapt\u00e9es \u00e0 vos pr\u00e9f\u00e9rences.<\/li>\n<\/ol>\n\n\n\n<p>Chez Egypte Voyage Original, nous croyons que chaque voyage devrait \u00eatre une aventure unique. D\u00e8s aujourd\u2019hui, contactez-nous pour cr\u00e9er le voyage de vos r\u00eaves et vivre une exp\u00e9rience \u00e9gyptienne inoubliable, fa\u00e7onn\u00e9e selon vos envies et vos passions. <strong>Laissez-nous \u00eatre votre guide dans ce pays fascinant o\u00f9 le pass\u00e9 et le pr\u00e9sent s\u2019entrelacent harmonieusement.<\/strong><\/p>\n\n\n\n<h4 class=\"wp-block-heading\">Fa\u00e7onnez vos r\u00eaves de voyage, explorez \u00e0 votre rythme des circuits uniques, cr\u00e9ez votre histoire gr\u00e2ce \u00e0 notre expertise.<\/h4>\n","protected":false},"excerpt":{"rendered":"<p>Voil\u00e0 \u00e0 quoi vous attendre avec Egypte Voyage Original&#8230;. Votre aventure \u00e0 la carte, des souvenirs sur mesure ! En nous confiant vos r\u00eaves de s\u00e9jour, vous optez pour un voyage authentique, entre pass\u00e9 et pr\u00e9sent. Laissez-vous envo\u00fbter par l&rsquo;\u00e2me de l&rsquo;\u00c9gypte et vivez une exp\u00e9rience hors du commun. D\u00e9couvrez l&rsquo;\u00c9gypte \u00e0 votre fa\u00e7on avec [&hellip;]<\/p>\n","protected":false},"author":1,"featured_media":0,"parent":0,"menu_order":0,"comment_status":"closed","ping_status":"closed","template":"","meta":{"_sitemap_exclude":false,"_sitemap_priority":"","_sitemap_frequency":"","_joinchat":[],"footnotes":""},"class_list":["post-387","page","type-page","status-publish","hentry"],"aioseo_notices":[],"_links":{"self":[{"href":"https:\/\/www.egypte-voyageoriginal.com\/index.php\/wp-json\/wp\/v2\/pages\/387"}],"collection":[{"href":"https:\/\/www.egypte-voyageoriginal.com\/index.php\/wp-json\/wp\/v2\/pages"}],"about":[{"href":"https:\/\/www.egypte-voyageoriginal.com\/index.php\/wp-json\/wp\/v2\/types\/page"}],"author":[{"embeddable":true,"href":"https:\/\/www.egypte-voyageoriginal.com\/index.php\/wp-json\/wp\/v2\/users\/1"}],"replies":[{"embeddable":true,"href":"https:\/\/www.egypte-voyageoriginal.com\/index.php\/wp-json\/wp\/v2\/comments?post=387"}],"version-history":[{"count":11,"href":"https:\/\/www.egypte-voyageoriginal.com\/index.php\/wp-json\/wp\/v2\/pages\/387\/revisions"}],"predecessor-version":[{"id":817,"href":"https:\/\/www.egypte-voyageoriginal.com\/index.php\/wp-json\/wp\/v2\/pages\/387\/revisions\/817"}],"wp:attachment":[{"href":"https:\/\/www.egypte-voyageoriginal.com\/index.php\/wp-json\/wp\/v2\/media?parent=387"}],"curies":[{"name":"wp","href":"https:\/\/api.w.org\/{rel}","templated":true}]}}