{"id":151,"date":"2024-02-18T19:58:47","date_gmt":"2024-02-18T18:58:47","guid":{"rendered":"https:\/\/www.egypte-voyageoriginal.com\/?page_id=151"},"modified":"2024-03-08T08:35:26","modified_gmt":"2024-03-08T07:35:26","slug":"notre-philosophie-du-voyage","status":"publish","type":"page","link":"https:\/\/www.egypte-voyageoriginal.com\/index.php\/notre-philosophie-du-voyage\/","title":{"rendered":"Notre philosophie du voyage"},"content":{"rendered":"\n<p><\/p>\n\n\n\n<p>Chez <strong>Egypte Voyage Original<\/strong>, notre philosophie repose sur des piliers fondamentaux qui garantissent une exp\u00e9rience exceptionnelle \u00e0 chaque voyageur :<\/p>\n\n\n\n<p>1.\u00a0\u00a0\u00a0\u00a0\u00a0\u00a0\u00a0\u00a0\u00a0<strong>Qualit\u00e9 du Service<\/strong> : Nous ne visons pas simplement \u00e0 satisfaire, mais \u00e0 surpasser vos attentes. Notre \u00e9quipe d\u00e9vou\u00e9e met tout en \u0153uvre pour offrir un service de la plus haute qualit\u00e9 \u00e0 chaque \u00e9tape de votre voyage.<\/p>\n\n\n\n<p>2.\u00a0\u00a0\u00a0\u00a0\u00a0\u00a0\u00a0\u00a0\u00a0<strong>Attention Personnalis\u00e9e<\/strong> : Votre voyage est unique, tout comme vous. Nous accordons une attention personnalis\u00e9e \u00e0 chaque d\u00e9tail, veillant \u00e0 ce que chaque moment de votre s\u00e9jour soit inoubliable.<\/p>\n\n\n\n<p>3.\u00a0\u00a0\u00a0\u00a0\u00a0\u00a0\u00a0\u00a0\u00a0<strong>\u00c9co-responsabilit\u00e9<\/strong> : En tant que gardiens de la plan\u00e8te, nous nous engageons \u00e0 promouvoir des pratiques \u00e9co-responsables. Nos partenaires locaux partagent notre vision d&rsquo;un tourisme durable, respectant les communaut\u00e9s et pr\u00e9servant les ressources naturelles.<\/p>\n\n\n\n<p>4.\u00a0\u00a0\u00a0\u00a0\u00a0\u00a0\u00a0\u00a0\u00a0<strong>Transparence Tarifaire<\/strong> : Chez nous, pas de surprises d\u00e9sagr\u00e9ables. Nous garantissons une transparence totale sur les tarifs et les prestations, vous permettant de planifier votre voyage en toute confiance.<\/p>\n\n\n\n<p>5.\u00a0\u00a0\u00a0\u00a0\u00a0\u00a0\u00a0\u00a0\u00a0<strong>Respect des Engagements <\/strong>: Notre parole est notre engagement. Nous respectons scrupuleusement nos promesses pour vous offrir une exp\u00e9rience de voyage sans soucis.<\/p>\n\n\n\n<p>Avec Egypte Voyage Original, <strong>chaque voyage est bien plus qu&rsquo;un simple s\u00e9jour, c&rsquo;est une aventure soigneusement pr\u00e9par\u00e9e<\/strong> pour vous offrir des souvenirs durables. Embarquez avec nous et laissez-nous \u00eatre <strong>le complice de vos r\u00eaves d&rsquo;\u00e9vasion<\/strong>.<\/p>\n","protected":false},"excerpt":{"rendered":"<p>Chez Egypte Voyage Original, notre philosophie repose sur des piliers fondamentaux qui garantissent une exp\u00e9rience exceptionnelle \u00e0 chaque voyageur : 1.\u00a0\u00a0\u00a0\u00a0\u00a0\u00a0\u00a0\u00a0\u00a0Qualit\u00e9 du Service : Nous ne visons pas simplement \u00e0 satisfaire, mais \u00e0 surpasser vos attentes. Notre \u00e9quipe d\u00e9vou\u00e9e met tout en \u0153uvre pour offrir un service de la plus haute qualit\u00e9 \u00e0 chaque \u00e9tape [&hellip;]<\/p>\n","protected":false},"author":1,"featured_media":0,"parent":0,"menu_order":0,"comment_status":"closed","ping_status":"closed","template":"","meta":{"_sitemap_exclude":false,"_sitemap_priority":"","_sitemap_frequency":"","_joinchat":[],"footnotes":""},"class_list":["post-151","page","type-page","status-publish","hentry"],"aioseo_notices":[],"_links":{"self":[{"href":"https:\/\/www.egypte-voyageoriginal.com\/index.php\/wp-json\/wp\/v2\/pages\/151"}],"collection":[{"href":"https:\/\/www.egypte-voyageoriginal.com\/index.php\/wp-json\/wp\/v2\/pages"}],"about":[{"href":"https:\/\/www.egypte-voyageoriginal.com\/index.php\/wp-json\/wp\/v2\/types\/page"}],"author":[{"embeddable":true,"href":"https:\/\/www.egypte-voyageoriginal.com\/index.php\/wp-json\/wp\/v2\/users\/1"}],"replies":[{"embeddable":true,"href":"https:\/\/www.egypte-voyageoriginal.com\/index.php\/wp-json\/wp\/v2\/comments?post=151"}],"version-history":[{"count":2,"href":"https:\/\/www.egypte-voyageoriginal.com\/index.php\/wp-json\/wp\/v2\/pages\/151\/revisions"}],"predecessor-version":[{"id":446,"href":"https:\/\/www.egypte-voyageoriginal.com\/index.php\/wp-json\/wp\/v2\/pages\/151\/revisions\/446"}],"wp:attachment":[{"href":"https:\/\/www.egypte-voyageoriginal.com\/index.php\/wp-json\/wp\/v2\/media?parent=151"}],"curies":[{"name":"wp","href":"https:\/\/api.w.org\/{rel}","templated":true}]}}