{"id":1,"date":"2024-02-15T20:33:33","date_gmt":"2024-02-15T19:33:33","guid":{"rendered":"http:\/\/egypte-voyageoriginal.com\/?p=1"},"modified":"2024-03-04T19:31:02","modified_gmt":"2024-03-04T18:31:02","slug":"guide-francophone-pour-visiter-legypte-de-facon-atypique","status":"publish","type":"page","link":"https:\/\/www.egypte-voyageoriginal.com\/index.php\/guide-egyptologue-voyage-original\/guide-francophone-pour-visiter-legypte-de-facon-atypique\/","title":{"rendered":"Un voyage au coeur de l&rsquo;Egypte secr\u00e8te et originale\u00a0!"},"content":{"rendered":"\n<p class=\"has-large-font-size\">Voyager dans le temps \u00e0 la rencontre d&rsquo;une civilisation toujours aussi myst\u00e9rieuse et secr\u00e8te<\/p>\n\n\n\n<p><strong>Histoire<\/strong><\/p>\n\n\n\n<p>Vers 4000 avant J.C., il existe d\u00e9j\u00e0 un royaume de Haute-Egypte (au sud) et un royaume de Basse-Egypte (au nord). En 3200, le roi Narmer r\u00e9unit les deux couronnes. L\u2019Ancien Empire sera le creuset de la civilisation \u00e9gyptienne. Le syst\u00e8me des hi\u00e9roglyphes est mis en place. Les pyramides de Saqqarah et du Caire sont \u00e9difi\u00e9es pendant cette p\u00e9riode (dont la divinit\u00e9 tut\u00e9laire est Horus, \u00e0 t\u00eate de faucon). Et puis l\u2019empire se morcelle. Mais, vers 2000, le Moyen-Empire d\u00e9bute, qui verra le transfert de la capitale \u00e0 Th\u00e8bes (Louxor) et la mise en valeur du Fayoum et du delta du Nil. Amon, \u00e0 t\u00eate de b\u00e9lier, pr\u00e9side aux destin\u00e9es de ces dynasties. Cela n\u2019emp\u00eache pas l\u2019Empire de se d\u00e9faire \u00e0 nouveau. Les Hyksos b\u00e9douins s\u2019installent au nord ; les princes th\u00e9bains r\u00e8gnent encore en Haute-Egypte. <\/p>\n\n\n\n<figure class=\"wp-block-image size-large\"><img loading=\"lazy\" decoding=\"async\" width=\"1024\" height=\"768\" src=\"https:\/\/www.egypte-voyageoriginal.com\/wp-content\/uploads\/2024\/02\/IMG_6288-2-1024x768.jpeg\" alt=\"Temple Louxor fa\u00e7ade colossale Ob\u00e9lisque\" class=\"wp-image-95\" srcset=\"https:\/\/www.egypte-voyageoriginal.com\/wp-content\/uploads\/2024\/02\/IMG_6288-2-1024x768.jpeg 1024w, https:\/\/www.egypte-voyageoriginal.com\/wp-content\/uploads\/2024\/02\/IMG_6288-2-300x225.jpeg 300w, https:\/\/www.egypte-voyageoriginal.com\/wp-content\/uploads\/2024\/02\/IMG_6288-2-768x576.jpeg 768w, https:\/\/www.egypte-voyageoriginal.com\/wp-content\/uploads\/2024\/02\/IMG_6288-2.jpeg 1280w\" sizes=\"(max-width: 1024px) 100vw, 1024px\" \/><\/figure>\n\n\n\n<p>En 1500 cependant, le roi th\u00e9bain Amosis \u00e9crase les Hyksos : le Nouvel-Empire va durer jusqu\u2019en 945 avant J.C. C\u2019est une p\u00e9riode brillante pour l\u2019Egypte, pr\u00e9sente dans tout le Moyen-Orient. Les noms de Toutankhamon et Nefertiti illustrent la XVIIIe dynastie, celui de Rams\u00e8s II la XIXe. C\u2019est l\u2019\u00e9poque de l\u2019h\u00e9r\u00e9sie d\u2019Akhenaton, qui pr\u00e9tend remplacer le culte d\u2019Amon par celui du dieu solaire unique Aton ; l\u2019\u00e9poque aussi de l\u2019Exode des H\u00e9breux. Pourtant, l\u2019Empire est affaibli par des d\u00e9s\u00e9quilibres internes ; au nord, des Berb\u00e8res p\u00e9n\u00e8trent dans le delta, les Nubiens font s\u00e9cession au sud et, bient\u00f4t, les Perses raflent la mise. La situation demeure instable, jusqu\u2019\u00e0 ce que survienne Alexandre le Grand, qui balaie les Perses, se fait reconnaitre comme dieu et fonde Alexandrie. La mort l\u2019emporte jeune et l\u2019Egypte \u00e9choit \u00e0 Ptol\u00e9m\u00e9e. Celui-ci reprend les choses o\u00f9 son mentor les a laiss\u00e9es : phare et biblioth\u00e8que d\u2019Alexandrie, canal du Nil \u00e0 la Mer rouge, restauration des grands sanctuaires. Les Grecs offrent trois si\u00e8cles de grandeur \u00e0 l\u2019Egypte. Mais, h\u00e9las, leur derni\u00e8re reine, Cl\u00e9op\u00e2tre, manque de nez (quoi qu\u2019on en ait dit) ; elle prend le mauvais amant et l\u2019Egypte est colonis\u00e9e par Rome. Pax romana donc et un \u00e9v\u00e8nement majeur, l\u2019essor du christianisme, qui deviendra religion d\u2019Etat. Ensuite, les choses iront leur train byzantin jusqu\u2019\u00e0 ce qu\u2019en 639 les arabes envahissent le pays. L\u2019Egypte vit alors au rythme des dynasties arabes musulmanes : omeyyades, abbassides, fatimides (chiites) qui fondent Le Caire. <\/p>\n\n\n\n<p>Au XIIIe si\u00e8cle, Saladin r\u00e9tablit l\u2019orthodoxie sunnite et contre les crois\u00e9s (saint Louis est fait prisonnier \u00e0 Mansourah). Puis les mamelouks prennent le pouvoir ; autoritaires et centralisateurs, ils n\u2019en sont pas moins des entrepreneurs avis\u00e9s et le pays tire b\u00e9n\u00e9fice du commerce entre l\u2019Orient et l\u2019Occident, dont il est une plaque tournante. Mais l\u2019ouverture de la route m\u00e9ridionale vers les Indes ruine le r\u00e9gime et, en 1516, les Turcs s\u2019emparent de l\u2019Egypte. Elle sera donc administr\u00e9e par des pachas. L\u2019exp\u00e9dition de Bonaparte (1798-1801) la remet au contact de l\u2019Occident. Et l\u2019Occident \u00e0 son contact : l\u2019\u00e9gyptologie nait \u00e0 cette occasion. L\u2019Empire ottoman a \u00e9t\u00e9 \u00e9branl\u00e9 dans l\u2019un de ses jardins. Ce sont pourtant les Turcs qui installent le fondateur de l\u2019Egypte moderne, le pacha Mohamed Ali. S\u2019\u00e9tant d\u00e9barrass\u00e9 sans \u00e9tats d\u2019\u00e2me de mamelouks peu fid\u00e8les \u00e0 la Sublime Porte, il consacrera 40 ann\u00e9es au d\u00e9veloppement \u00e9conomique (irrigation, routes) du pays. Ses successeurs prirent le titre de kh\u00e9dive et s\u2019assur\u00e8rent une autonomie de fait. <\/p>\n\n\n\n<figure class=\"wp-block-image size-large\"><img loading=\"lazy\" decoding=\"async\" width=\"768\" height=\"1024\" src=\"https:\/\/www.egypte-voyageoriginal.com\/wp-content\/uploads\/2024\/02\/IMG_6597-2-768x1024.jpeg\" alt=\"Horus - Granit d'Assouan Temple Edfou\" class=\"wp-image-117\" srcset=\"https:\/\/www.egypte-voyageoriginal.com\/wp-content\/uploads\/2024\/02\/IMG_6597-2-768x1024.jpeg 768w, https:\/\/www.egypte-voyageoriginal.com\/wp-content\/uploads\/2024\/02\/IMG_6597-2-225x300.jpeg 225w, https:\/\/www.egypte-voyageoriginal.com\/wp-content\/uploads\/2024\/02\/IMG_6597-2.jpeg 960w\" sizes=\"(max-width: 768px) 100vw, 768px\" \/><\/figure>\n\n\n\n<p>En 1869, Ferdinand de Lesseps supervise le percement du canal de Suez. Le commerce reprend le chemin de l\u2019Egypte. Les Anglais en prennent ombrage et s\u2019installent en 1882. Ils imposent le protectorat en 1914, puis le font confirmer apr\u00e8s que les Ottomans aient perdu la Premi\u00e8re Guerre mondiale du c\u00f4t\u00e9 allemand. Le haut-commissaire britannique est, d\u00e8s lors, le patron de l\u2019Egypte. Pendant ce temps, le mouvement national \u00e9gyptien se d\u00e9veloppe. En 1922, l\u2019ind\u00e9pendance est n\u00e9goci\u00e9e avec les Britanniques.<\/p>\n","protected":false},"excerpt":{"rendered":"<p>Voyager dans le temps \u00e0 la rencontre d&rsquo;une civilisation toujours aussi myst\u00e9rieuse et secr\u00e8te Histoire Vers 4000 avant J.C., il existe d\u00e9j\u00e0 un royaume de Haute-Egypte (au sud) et un royaume de Basse-Egypte (au nord). En 3200, le roi Narmer r\u00e9unit les deux couronnes. L\u2019Ancien Empire sera le creuset de la civilisation \u00e9gyptienne. Le syst\u00e8me [&hellip;]<\/p>\n","protected":false},"author":1,"featured_media":131,"parent":47,"menu_order":0,"comment_status":"closed","ping_status":"closed","template":"","meta":{"_sitemap_exclude":false,"_sitemap_priority":"","_sitemap_frequency":"","_joinchat":[],"footnotes":""},"class_list":["post-1","page","type-page","status-publish","has-post-thumbnail","hentry"],"aioseo_notices":[],"_links":{"self":[{"href":"https:\/\/www.egypte-voyageoriginal.com\/index.php\/wp-json\/wp\/v2\/pages\/1"}],"collection":[{"href":"https:\/\/www.egypte-voyageoriginal.com\/index.php\/wp-json\/wp\/v2\/pages"}],"about":[{"href":"https:\/\/www.egypte-voyageoriginal.com\/index.php\/wp-json\/wp\/v2\/types\/page"}],"author":[{"embeddable":true,"href":"https:\/\/www.egypte-voyageoriginal.com\/index.php\/wp-json\/wp\/v2\/users\/1"}],"replies":[{"embeddable":true,"href":"https:\/\/www.egypte-voyageoriginal.com\/index.php\/wp-json\/wp\/v2\/comments?post=1"}],"version-history":[{"count":5,"href":"https:\/\/www.egypte-voyageoriginal.com\/index.php\/wp-json\/wp\/v2\/pages\/1\/revisions"}],"predecessor-version":[{"id":434,"href":"https:\/\/www.egypte-voyageoriginal.com\/index.php\/wp-json\/wp\/v2\/pages\/1\/revisions\/434"}],"up":[{"embeddable":true,"href":"https:\/\/www.egypte-voyageoriginal.com\/index.php\/wp-json\/wp\/v2\/pages\/47"}],"wp:featuredmedia":[{"embeddable":true,"href":"https:\/\/www.egypte-voyageoriginal.com\/index.php\/wp-json\/wp\/v2\/media\/131"}],"wp:attachment":[{"href":"https:\/\/www.egypte-voyageoriginal.com\/index.php\/wp-json\/wp\/v2\/media?parent=1"}],"curies":[{"name":"wp","href":"https:\/\/api.w.org\/{rel}","templated":true}]}}